{"id":100,"date":"2023-12-10T20:36:51","date_gmt":"2023-12-10T20:36:51","guid":{"rendered":"https:\/\/www.itvagricola.es\/?page_id=100"},"modified":"2023-12-10T20:36:59","modified_gmt":"2023-12-10T20:36:59","slug":"real-decreto-494-2012","status":"publish","type":"page","link":"http:\/\/www.itvagricola.es\/index.php\/real-decreto-494-2012\/","title":{"rendered":"Real Decreto 494\/2012"},"content":{"rendered":"\n<figure class=\"wp-block-image size-full\"><img loading=\"lazy\" decoding=\"async\" width=\"754\" height=\"430\" src=\"http:\/\/www.itvagricola.es\/wp-content\/uploads\/2023\/12\/ITV_agricola_27.jpg\" alt=\"\" class=\"wp-image-101\" srcset=\"http:\/\/www.itvagricola.es\/wp-content\/uploads\/2023\/12\/ITV_agricola_27.jpg 754w, http:\/\/www.itvagricola.es\/wp-content\/uploads\/2023\/12\/ITV_agricola_27-300x171.jpg 300w\" sizes=\"auto, (max-width: 754px) 100vw, 754px\" \/><\/figure>\n\n\n\n<h2 class=\"wp-block-heading\"><strong>Real Decreto 494\/2012<\/strong><\/h2>\n\n\n\n<p>Sobre la comercializaci\u00f3n y puesta en servicio de las m\u00e1quinas, para incluir los riesgos de aplicaci\u00f3n de plaguicidas.<\/p>\n","protected":false},"excerpt":{"rendered":"<p>Real Decreto 494\/2012 Sobre la comercializaci\u00f3n y puesta en servicio de las m\u00e1quinas, para incluir los riesgos de aplicaci\u00f3n de plaguicidas.<\/p>\n","protected":false},"author":1,"featured_media":0,"parent":0,"menu_order":0,"comment_status":"closed","ping_status":"closed","template":"","meta":{"footnotes":""},"class_list":["post-100","page","type-page","status-publish","czr-hentry"],"yoast_head":"<!-- This site is optimized with the Yoast SEO plugin v26.6 - https:\/\/yoast.com\/wordpress\/plugins\/seo\/ -->\n<title>Real Decreto 494\/2012 - ITV agricola<\/title>\n<meta name=\"robots\" content=\"index, follow, max-snippet:-1, max-image-preview:large, max-video-preview:-1\" \/>\n<link rel=\"canonical\" href=\"http:\/\/www.itvagricola.es\/index.php\/real-decreto-494-2012\/\" \/>\n<meta property=\"og:locale\" content=\"es_ES\" \/>\n<meta property=\"og:type\" content=\"article\" \/>\n<meta property=\"og:title\" content=\"Real Decreto 494\/2012 - ITV agricola\" \/>\n<meta property=\"og:description\" content=\"Real Decreto 494\/2012 Sobre la comercializaci\u00f3n y puesta en servicio de las m\u00e1quinas, para incluir los riesgos de aplicaci\u00f3n de plaguicidas.\" \/>\n<meta property=\"og:url\" content=\"http:\/\/www.itvagricola.es\/index.php\/real-decreto-494-2012\/\" \/>\n<meta property=\"og:site_name\" content=\"ITV agricola\" \/>\n<meta property=\"article:publisher\" content=\"https:\/\/www.facebook.com\/profile.php?id=100067064354560&amp;locale=es_ES\" \/>\n<meta property=\"article:modified_time\" content=\"2023-12-10T20:36:59+00:00\" \/>\n<meta property=\"og:image\" content=\"http:\/\/www.itvagricola.es\/wp-content\/uploads\/2023\/12\/ITV_agricola_27.jpg\" \/>\n<meta name=\"twitter:card\" content=\"summary_large_image\" \/>\n<script type=\"application\/ld+json\" class=\"yoast-schema-graph\">{\"@context\":\"https:\/\/schema.org\",\"@graph\":[{\"@type\":\"WebPage\",\"@id\":\"http:\/\/www.itvagricola.es\/index.php\/real-decreto-494-2012\/\",\"url\":\"http:\/\/www.itvagricola.es\/index.php\/real-decreto-494-2012\/\",\"name\":\"Real Decreto 494\/2012 - ITV agricola\",\"isPartOf\":{\"@id\":\"http:\/\/www.itvagricola.es\/#website\"},\"primaryImageOfPage\":{\"@id\":\"http:\/\/www.itvagricola.es\/index.php\/real-decreto-494-2012\/#primaryimage\"},\"image\":{\"@id\":\"http:\/\/www.itvagricola.es\/index.php\/real-decreto-494-2012\/#primaryimage\"},\"thumbnailUrl\":\"http:\/\/www.itvagricola.es\/wp-content\/uploads\/2023\/12\/ITV_agricola_27.jpg\",\"datePublished\":\"2023-12-10T20:36:51+00:00\",\"dateModified\":\"2023-12-10T20:36:59+00:00\",\"breadcrumb\":{\"@id\":\"http:\/\/www.itvagricola.es\/index.php\/real-decreto-494-2012\/#breadcrumb\"},\"inLanguage\":\"es\",\"potentialAction\":[{\"@type\":\"ReadAction\",\"target\":[\"http:\/\/www.itvagricola.es\/index.php\/real-decreto-494-2012\/\"]}]},{\"@type\":\"ImageObject\",\"inLanguage\":\"es\",\"@id\":\"http:\/\/www.itvagricola.es\/index.php\/real-decreto-494-2012\/#primaryimage\",\"url\":\"http:\/\/www.itvagricola.es\/wp-content\/uploads\/2023\/12\/ITV_agricola_27.jpg\",\"contentUrl\":\"http:\/\/www.itvagricola.es\/wp-content\/uploads\/2023\/12\/ITV_agricola_27.jpg\",\"width\":754,\"height\":430},{\"@type\":\"BreadcrumbList\",\"@id\":\"http:\/\/www.itvagricola.es\/index.php\/real-decreto-494-2012\/#breadcrumb\",\"itemListElement\":[{\"@type\":\"ListItem\",\"position\":1,\"name\":\"Portada\",\"item\":\"http:\/\/www.itvagricola.es\/\"},{\"@type\":\"ListItem\",\"position\":2,\"name\":\"Real Decreto 494\/2012\"}]},{\"@type\":\"WebSite\",\"@id\":\"http:\/\/www.itvagricola.es\/#website\",\"url\":\"http:\/\/www.itvagricola.es\/\",\"name\":\"ITV agricola\",\"description\":\"ITEAF 1610: Castilla la Mancha, Arag\u00f3n, Madrid y Valencia.\",\"publisher\":{\"@id\":\"http:\/\/www.itvagricola.es\/#\/schema\/person\/dbad37a13afd623eb1a191ed7ca7de2f\"},\"potentialAction\":[{\"@type\":\"SearchAction\",\"target\":{\"@type\":\"EntryPoint\",\"urlTemplate\":\"http:\/\/www.itvagricola.es\/?s={search_term_string}\"},\"query-input\":{\"@type\":\"PropertyValueSpecification\",\"valueRequired\":true,\"valueName\":\"search_term_string\"}}],\"inLanguage\":\"es\"},{\"@type\":[\"Person\",\"Organization\"],\"@id\":\"http:\/\/www.itvagricola.es\/#\/schema\/person\/dbad37a13afd623eb1a191ed7ca7de2f\",\"name\":\"luisAntonio torres\",\"image\":{\"@type\":\"ImageObject\",\"inLanguage\":\"es\",\"@id\":\"http:\/\/www.itvagricola.es\/#\/schema\/person\/image\/\",\"url\":\"http:\/\/www.itvagricola.es\/wp-content\/uploads\/2023\/12\/cropped-logoITVagricola_01.jpg\",\"contentUrl\":\"http:\/\/www.itvagricola.es\/wp-content\/uploads\/2023\/12\/cropped-logoITVagricola_01.jpg\",\"width\":788,\"height\":315,\"caption\":\"luisAntonio torres\"},\"logo\":{\"@id\":\"http:\/\/www.itvagricola.es\/#\/schema\/person\/image\/\"},\"sameAs\":[\"https:\/\/www.itvagricola.es\/\",\"https:\/\/www.facebook.com\/profile.php?id=100067064354560&locale=es_ES\"]}]}<\/script>\n<!-- \/ Yoast SEO plugin. -->","yoast_head_json":{"title":"Real Decreto 494\/2012 - ITV agricola","robots":{"index":"index","follow":"follow","max-snippet":"max-snippet:-1","max-image-preview":"max-image-preview:large","max-video-preview":"max-video-preview:-1"},"canonical":"http:\/\/www.itvagricola.es\/index.php\/real-decreto-494-2012\/","og_locale":"es_ES","og_type":"article","og_title":"Real Decreto 494\/2012 - ITV agricola","og_description":"Real Decreto 494\/2012 Sobre la comercializaci\u00f3n y puesta en servicio de las m\u00e1quinas, para incluir los riesgos de aplicaci\u00f3n de plaguicidas.","og_url":"http:\/\/www.itvagricola.es\/index.php\/real-decreto-494-2012\/","og_site_name":"ITV agricola","article_publisher":"https:\/\/www.facebook.com\/profile.php?id=100067064354560&locale=es_ES","article_modified_time":"2023-12-10T20:36:59+00:00","og_image":[{"url":"http:\/\/www.itvagricola.es\/wp-content\/uploads\/2023\/12\/ITV_agricola_27.jpg","type":"","width":"","height":""}],"twitter_card":"summary_large_image","schema":{"@context":"https:\/\/schema.org","@graph":[{"@type":"WebPage","@id":"http:\/\/www.itvagricola.es\/index.php\/real-decreto-494-2012\/","url":"http:\/\/www.itvagricola.es\/index.php\/real-decreto-494-2012\/","name":"Real Decreto 494\/2012 - ITV agricola","isPartOf":{"@id":"http:\/\/www.itvagricola.es\/#website"},"primaryImageOfPage":{"@id":"http:\/\/www.itvagricola.es\/index.php\/real-decreto-494-2012\/#primaryimage"},"image":{"@id":"http:\/\/www.itvagricola.es\/index.php\/real-decreto-494-2012\/#primaryimage"},"thumbnailUrl":"http:\/\/www.itvagricola.es\/wp-content\/uploads\/2023\/12\/ITV_agricola_27.jpg","datePublished":"2023-12-10T20:36:51+00:00","dateModified":"2023-12-10T20:36:59+00:00","breadcrumb":{"@id":"http:\/\/www.itvagricola.es\/index.php\/real-decreto-494-2012\/#breadcrumb"},"inLanguage":"es","potentialAction":[{"@type":"ReadAction","target":["http:\/\/www.itvagricola.es\/index.php\/real-decreto-494-2012\/"]}]},{"@type":"ImageObject","inLanguage":"es","@id":"http:\/\/www.itvagricola.es\/index.php\/real-decreto-494-2012\/#primaryimage","url":"http:\/\/www.itvagricola.es\/wp-content\/uploads\/2023\/12\/ITV_agricola_27.jpg","contentUrl":"http:\/\/www.itvagricola.es\/wp-content\/uploads\/2023\/12\/ITV_agricola_27.jpg","width":754,"height":430},{"@type":"BreadcrumbList","@id":"http:\/\/www.itvagricola.es\/index.php\/real-decreto-494-2012\/#breadcrumb","itemListElement":[{"@type":"ListItem","position":1,"name":"Portada","item":"http:\/\/www.itvagricola.es\/"},{"@type":"ListItem","position":2,"name":"Real Decreto 494\/2012"}]},{"@type":"WebSite","@id":"http:\/\/www.itvagricola.es\/#website","url":"http:\/\/www.itvagricola.es\/","name":"ITV agricola","description":"ITEAF 1610: Castilla la Mancha, Arag\u00f3n, Madrid y Valencia.","publisher":{"@id":"http:\/\/www.itvagricola.es\/#\/schema\/person\/dbad37a13afd623eb1a191ed7ca7de2f"},"potentialAction":[{"@type":"SearchAction","target":{"@type":"EntryPoint","urlTemplate":"http:\/\/www.itvagricola.es\/?s={search_term_string}"},"query-input":{"@type":"PropertyValueSpecification","valueRequired":true,"valueName":"search_term_string"}}],"inLanguage":"es"},{"@type":["Person","Organization"],"@id":"http:\/\/www.itvagricola.es\/#\/schema\/person\/dbad37a13afd623eb1a191ed7ca7de2f","name":"luisAntonio torres","image":{"@type":"ImageObject","inLanguage":"es","@id":"http:\/\/www.itvagricola.es\/#\/schema\/person\/image\/","url":"http:\/\/www.itvagricola.es\/wp-content\/uploads\/2023\/12\/cropped-logoITVagricola_01.jpg","contentUrl":"http:\/\/www.itvagricola.es\/wp-content\/uploads\/2023\/12\/cropped-logoITVagricola_01.jpg","width":788,"height":315,"caption":"luisAntonio torres"},"logo":{"@id":"http:\/\/www.itvagricola.es\/#\/schema\/person\/image\/"},"sameAs":["https:\/\/www.itvagricola.es\/","https:\/\/www.facebook.com\/profile.php?id=100067064354560&locale=es_ES"]}]}},"_links":{"self":[{"href":"http:\/\/www.itvagricola.es\/index.php\/wp-json\/wp\/v2\/pages\/100","targetHints":{"allow":["GET"]}}],"collection":[{"href":"http:\/\/www.itvagricola.es\/index.php\/wp-json\/wp\/v2\/pages"}],"about":[{"href":"http:\/\/www.itvagricola.es\/index.php\/wp-json\/wp\/v2\/types\/page"}],"author":[{"embeddable":true,"href":"http:\/\/www.itvagricola.es\/index.php\/wp-json\/wp\/v2\/users\/1"}],"replies":[{"embeddable":true,"href":"http:\/\/www.itvagricola.es\/index.php\/wp-json\/wp\/v2\/comments?post=100"}],"version-history":[{"count":0,"href":"http:\/\/www.itvagricola.es\/index.php\/wp-json\/wp\/v2\/pages\/100\/revisions"}],"wp:attachment":[{"href":"http:\/\/www.itvagricola.es\/index.php\/wp-json\/wp\/v2\/media?parent=100"}],"curies":[{"name":"wp","href":"https:\/\/api.w.org\/{rel}","templated":true}]}}