{"id":107,"date":"2023-12-10T20:51:41","date_gmt":"2023-12-10T20:51:41","guid":{"rendered":"https:\/\/www.itvagricola.es\/?page_id=107"},"modified":"2023-12-10T20:51:41","modified_gmt":"2023-12-10T20:51:41","slug":"sistema-de-etiquetado-de-productos-fitosanitarios","status":"publish","type":"page","link":"http:\/\/www.itvagricola.es\/index.php\/sistema-de-etiquetado-de-productos-fitosanitarios\/","title":{"rendered":"Sistema de etiquetado de productos fitosanitarios"},"content":{"rendered":"<div class=\"wp-block-image\">\n<figure class=\"aligncenter size-full\"><img loading=\"lazy\" decoding=\"async\" width=\"600\" height=\"285\" src=\"http:\/\/www.itvagricola.es\/wp-content\/uploads\/2023\/12\/ITV_agricola_29.jpg\" alt=\"\" class=\"wp-image-108\" srcset=\"http:\/\/www.itvagricola.es\/wp-content\/uploads\/2023\/12\/ITV_agricola_29.jpg 600w, http:\/\/www.itvagricola.es\/wp-content\/uploads\/2023\/12\/ITV_agricola_29-300x143.jpg 300w\" sizes=\"auto, (max-width: 600px) 100vw, 600px\" \/><\/figure>\n<\/div>\n\n\n<h1 class=\"wp-block-heading\"><strong>Sistema global de clasificaci\u00f3n y etiquetado de productos q\u00faimicos<\/strong><\/h1>\n\n\n\n<p>La Comunidad Europea decidi\u00f3 incluir los criterios armonizados de etiquetado y clasi\ufb01caci\u00f3n de los productos qu\u00edmicos.<br>Esta decisi\u00f3n fue adoptada mediante el Reglamento (CE) N\u00ba 1272\/2008 del Parlamento Europeo y del Consejo, de 16 de Diciembre de 2008&nbsp; sobre etiquetado y envasado de sustancias y mezclas que es aplicable a todos los productos qu\u00edmicos existentes en el mercado, incluyendo productos fitosanitarios.<br>El nuevo reglamento derog\u00f3 las Directivas 67\/548\/CEE y 1999\/45\/CE relativas a la clasificaci\u00f3n, envasado y etiquetado de sustancias y preparados peligrosos.<\/p>\n\n\n\n<p>Los cambios m\u00e1s significantes en las etiquetas de los productos fitosanitarios son la aparici\u00f3n de nuevos pictogramas y de una nueva nomenclatura.<\/p>\n\n\n\n<p>Se introduce la obligaci\u00f3n de incluir junto al pictograma una palabra de advertencia: Peligro o Atenci\u00f3n.<\/p>\n\n\n\n<p>Se sustituyen las Frases de riesgo por Indicaciones de peligro y se cambian los Consejos de prudencia.<\/p>\n\n\n\n<p>El contenido de las nuevas frases, con algunas diferencias, en general mantiene semejanzas&nbsp; con las anteriores.<\/p>\n\n\n\n<h2 class=\"wp-block-heading\"><strong>PElIGROS FISICOS<\/strong><\/h2>\n\n\n\n<h3 class=\"wp-block-heading\"><strong>Explosivos<\/strong><\/h3>\n\n\n<div class=\"wp-block-image\">\n<figure class=\"aligncenter size-full\"><img loading=\"lazy\" decoding=\"async\" width=\"600\" height=\"204\" src=\"http:\/\/www.itvagricola.es\/wp-content\/uploads\/2023\/12\/ITV_agricola_30.jpg\" alt=\"\" class=\"wp-image-109\" srcset=\"http:\/\/www.itvagricola.es\/wp-content\/uploads\/2023\/12\/ITV_agricola_30.jpg 600w, http:\/\/www.itvagricola.es\/wp-content\/uploads\/2023\/12\/ITV_agricola_30-300x102.jpg 300w\" sizes=\"auto, (max-width: 600px) 100vw, 600px\" \/><\/figure>\n<\/div>\n\n\n<h3 class=\"wp-block-heading\"><strong>Inflamables 0<\/strong>1<\/h3>\n\n\n<div class=\"wp-block-image\">\n<figure class=\"aligncenter size-full\"><img loading=\"lazy\" decoding=\"async\" width=\"600\" height=\"247\" src=\"http:\/\/www.itvagricola.es\/wp-content\/uploads\/2023\/12\/ITV_agricola_31.jpg\" alt=\"\" class=\"wp-image-110\" srcset=\"http:\/\/www.itvagricola.es\/wp-content\/uploads\/2023\/12\/ITV_agricola_31.jpg 600w, http:\/\/www.itvagricola.es\/wp-content\/uploads\/2023\/12\/ITV_agricola_31-300x124.jpg 300w\" sizes=\"auto, (max-width: 600px) 100vw, 600px\" \/><\/figure>\n<\/div>\n\n\n<h3 class=\"wp-block-heading\"><strong>Inflamables 02<\/strong><\/h3>\n\n\n<div class=\"wp-block-image\">\n<figure class=\"aligncenter size-full\"><img loading=\"lazy\" decoding=\"async\" width=\"600\" height=\"278\" src=\"http:\/\/www.itvagricola.es\/wp-content\/uploads\/2023\/12\/ITV_agricola_32.jpg\" alt=\"\" class=\"wp-image-111\" srcset=\"http:\/\/www.itvagricola.es\/wp-content\/uploads\/2023\/12\/ITV_agricola_32.jpg 600w, http:\/\/www.itvagricola.es\/wp-content\/uploads\/2023\/12\/ITV_agricola_32-300x139.jpg 300w\" sizes=\"auto, (max-width: 600px) 100vw, 600px\" \/><\/figure>\n<\/div>\n\n\n<h3 class=\"wp-block-heading\"><strong>Inflamables 03<\/strong><\/h3>\n\n\n\n<h3 class=\"wp-block-heading\"><\/h3>\n\n\n<div class=\"wp-block-image\">\n<figure class=\"aligncenter size-full\"><img loading=\"lazy\" decoding=\"async\" width=\"600\" height=\"269\" src=\"http:\/\/www.itvagricola.es\/wp-content\/uploads\/2023\/12\/ITV_agricola_33.jpg\" alt=\"\" class=\"wp-image-112\" srcset=\"http:\/\/www.itvagricola.es\/wp-content\/uploads\/2023\/12\/ITV_agricola_33.jpg 600w, http:\/\/www.itvagricola.es\/wp-content\/uploads\/2023\/12\/ITV_agricola_33-300x135.jpg 300w\" sizes=\"auto, (max-width: 600px) 100vw, 600px\" \/><\/figure>\n<\/div>\n\n\n<h3 class=\"wp-block-heading\">Toxicos<\/h3>\n\n\n<div class=\"wp-block-image\">\n<figure class=\"aligncenter size-full\"><img loading=\"lazy\" decoding=\"async\" width=\"600\" height=\"424\" src=\"http:\/\/www.itvagricola.es\/wp-content\/uploads\/2023\/12\/ITV_agricola_34.jpg\" alt=\"\" class=\"wp-image-113\" srcset=\"http:\/\/www.itvagricola.es\/wp-content\/uploads\/2023\/12\/ITV_agricola_34.jpg 600w, http:\/\/www.itvagricola.es\/wp-content\/uploads\/2023\/12\/ITV_agricola_34-300x212.jpg 300w\" sizes=\"auto, (max-width: 600px) 100vw, 600px\" \/><\/figure>\n<\/div>\n\n\n<h3 class=\"wp-block-heading\"><strong>Cor<\/strong>rosivos<\/h3>\n\n\n<div class=\"wp-block-image\">\n<figure class=\"aligncenter size-full\"><img loading=\"lazy\" decoding=\"async\" width=\"600\" height=\"285\" src=\"http:\/\/www.itvagricola.es\/wp-content\/uploads\/2023\/12\/ITV_agricola_35.jpg\" alt=\"\" class=\"wp-image-114\" srcset=\"http:\/\/www.itvagricola.es\/wp-content\/uploads\/2023\/12\/ITV_agricola_35.jpg 600w, http:\/\/www.itvagricola.es\/wp-content\/uploads\/2023\/12\/ITV_agricola_35-300x143.jpg 300w\" sizes=\"auto, (max-width: 600px) 100vw, 600px\" \/><\/figure>\n<\/div>\n\n\n<p><strong>Medio ambiente<\/strong><\/p>\n\n\n<div class=\"wp-block-image\">\n<figure class=\"aligncenter size-full\"><img loading=\"lazy\" decoding=\"async\" width=\"600\" height=\"201\" src=\"http:\/\/www.itvagricola.es\/wp-content\/uploads\/2023\/12\/ITV_agricola_36.jpg\" alt=\"\" class=\"wp-image-115\" srcset=\"http:\/\/www.itvagricola.es\/wp-content\/uploads\/2023\/12\/ITV_agricola_36.jpg 600w, http:\/\/www.itvagricola.es\/wp-content\/uploads\/2023\/12\/ITV_agricola_36-300x101.jpg 300w\" sizes=\"auto, (max-width: 600px) 100vw, 600px\" \/><\/figure>\n<\/div>\n\n\n<p>A partir del 1 de junio de 2017 solo podr\u00e1n existir en el mercado productos etiquetados conforme con el Reglamento (CE) n\u00ba 1272\/2008.<\/p>\n\n\n\n<h1 class=\"wp-block-heading\"><\/h1>\n","protected":false},"excerpt":{"rendered":"<p>Sistema global de clasificaci\u00f3n y etiquetado de productos q\u00faimicos La Comunidad Europea decidi\u00f3 incluir los criterios armonizados de etiquetado y clasi\ufb01caci\u00f3n de los productos qu\u00edmicos.Esta decisi\u00f3n fue adoptada mediante el Reglamento (CE) N\u00ba 1272\/2008 del Parlamento Europeo y del Consejo, de 16 de Diciembre de 2008&nbsp; sobre etiquetado y envasado de sustancias y mezclas que [&hellip;]<\/p>\n","protected":false},"author":1,"featured_media":0,"parent":0,"menu_order":0,"comment_status":"closed","ping_status":"closed","template":"","meta":{"footnotes":""},"class_list":["post-107","page","type-page","status-publish","czr-hentry"],"yoast_head":"<!-- This site is optimized with the Yoast SEO plugin v26.6 - https:\/\/yoast.com\/wordpress\/plugins\/seo\/ -->\n<title>Sistema de etiquetado de productos fitosanitarios - ITV agricola<\/title>\n<meta name=\"robots\" content=\"index, follow, max-snippet:-1, max-image-preview:large, max-video-preview:-1\" \/>\n<link rel=\"canonical\" href=\"http:\/\/www.itvagricola.es\/index.php\/sistema-de-etiquetado-de-productos-fitosanitarios\/\" \/>\n<meta property=\"og:locale\" content=\"es_ES\" \/>\n<meta property=\"og:type\" content=\"article\" \/>\n<meta property=\"og:title\" content=\"Sistema de etiquetado de productos fitosanitarios - ITV agricola\" \/>\n<meta property=\"og:description\" content=\"Sistema global de clasificaci\u00f3n y etiquetado de productos q\u00faimicos La Comunidad Europea decidi\u00f3 incluir los criterios armonizados de etiquetado y clasi\ufb01caci\u00f3n de los productos qu\u00edmicos.Esta decisi\u00f3n fue adoptada mediante el Reglamento (CE) N\u00ba 1272\/2008 del Parlamento Europeo y del Consejo, de 16 de Diciembre de 2008&nbsp; sobre etiquetado y envasado de sustancias y mezclas que [&hellip;]\" \/>\n<meta property=\"og:url\" content=\"http:\/\/www.itvagricola.es\/index.php\/sistema-de-etiquetado-de-productos-fitosanitarios\/\" \/>\n<meta property=\"og:site_name\" content=\"ITV agricola\" \/>\n<meta property=\"article:publisher\" content=\"https:\/\/www.facebook.com\/profile.php?id=100067064354560&amp;locale=es_ES\" \/>\n<meta property=\"og:image\" content=\"http:\/\/www.itvagricola.es\/wp-content\/uploads\/2023\/12\/ITV_agricola_29.jpg\" \/>\n<meta name=\"twitter:card\" content=\"summary_large_image\" \/>\n<meta name=\"twitter:label1\" content=\"Tiempo de lectura\" \/>\n\t<meta name=\"twitter:data1\" content=\"1 minuto\" \/>\n<script type=\"application\/ld+json\" class=\"yoast-schema-graph\">{\"@context\":\"https:\/\/schema.org\",\"@graph\":[{\"@type\":\"WebPage\",\"@id\":\"http:\/\/www.itvagricola.es\/index.php\/sistema-de-etiquetado-de-productos-fitosanitarios\/\",\"url\":\"http:\/\/www.itvagricola.es\/index.php\/sistema-de-etiquetado-de-productos-fitosanitarios\/\",\"name\":\"Sistema de etiquetado de productos fitosanitarios - ITV agricola\",\"isPartOf\":{\"@id\":\"http:\/\/www.itvagricola.es\/#website\"},\"primaryImageOfPage\":{\"@id\":\"http:\/\/www.itvagricola.es\/index.php\/sistema-de-etiquetado-de-productos-fitosanitarios\/#primaryimage\"},\"image\":{\"@id\":\"http:\/\/www.itvagricola.es\/index.php\/sistema-de-etiquetado-de-productos-fitosanitarios\/#primaryimage\"},\"thumbnailUrl\":\"http:\/\/www.itvagricola.es\/wp-content\/uploads\/2023\/12\/ITV_agricola_29.jpg\",\"datePublished\":\"2023-12-10T20:51:41+00:00\",\"breadcrumb\":{\"@id\":\"http:\/\/www.itvagricola.es\/index.php\/sistema-de-etiquetado-de-productos-fitosanitarios\/#breadcrumb\"},\"inLanguage\":\"es\",\"potentialAction\":[{\"@type\":\"ReadAction\",\"target\":[\"http:\/\/www.itvagricola.es\/index.php\/sistema-de-etiquetado-de-productos-fitosanitarios\/\"]}]},{\"@type\":\"ImageObject\",\"inLanguage\":\"es\",\"@id\":\"http:\/\/www.itvagricola.es\/index.php\/sistema-de-etiquetado-de-productos-fitosanitarios\/#primaryimage\",\"url\":\"http:\/\/www.itvagricola.es\/wp-content\/uploads\/2023\/12\/ITV_agricola_29.jpg\",\"contentUrl\":\"http:\/\/www.itvagricola.es\/wp-content\/uploads\/2023\/12\/ITV_agricola_29.jpg\",\"width\":600,\"height\":285},{\"@type\":\"BreadcrumbList\",\"@id\":\"http:\/\/www.itvagricola.es\/index.php\/sistema-de-etiquetado-de-productos-fitosanitarios\/#breadcrumb\",\"itemListElement\":[{\"@type\":\"ListItem\",\"position\":1,\"name\":\"Portada\",\"item\":\"http:\/\/www.itvagricola.es\/\"},{\"@type\":\"ListItem\",\"position\":2,\"name\":\"Sistema de etiquetado de productos fitosanitarios\"}]},{\"@type\":\"WebSite\",\"@id\":\"http:\/\/www.itvagricola.es\/#website\",\"url\":\"http:\/\/www.itvagricola.es\/\",\"name\":\"ITV agricola\",\"description\":\"ITEAF 1610: Castilla la Mancha, Arag\u00f3n, Madrid y Valencia.\",\"publisher\":{\"@id\":\"http:\/\/www.itvagricola.es\/#\/schema\/person\/dbad37a13afd623eb1a191ed7ca7de2f\"},\"potentialAction\":[{\"@type\":\"SearchAction\",\"target\":{\"@type\":\"EntryPoint\",\"urlTemplate\":\"http:\/\/www.itvagricola.es\/?s={search_term_string}\"},\"query-input\":{\"@type\":\"PropertyValueSpecification\",\"valueRequired\":true,\"valueName\":\"search_term_string\"}}],\"inLanguage\":\"es\"},{\"@type\":[\"Person\",\"Organization\"],\"@id\":\"http:\/\/www.itvagricola.es\/#\/schema\/person\/dbad37a13afd623eb1a191ed7ca7de2f\",\"name\":\"luisAntonio torres\",\"image\":{\"@type\":\"ImageObject\",\"inLanguage\":\"es\",\"@id\":\"http:\/\/www.itvagricola.es\/#\/schema\/person\/image\/\",\"url\":\"http:\/\/www.itvagricola.es\/wp-content\/uploads\/2023\/12\/cropped-logoITVagricola_01.jpg\",\"contentUrl\":\"http:\/\/www.itvagricola.es\/wp-content\/uploads\/2023\/12\/cropped-logoITVagricola_01.jpg\",\"width\":788,\"height\":315,\"caption\":\"luisAntonio torres\"},\"logo\":{\"@id\":\"http:\/\/www.itvagricola.es\/#\/schema\/person\/image\/\"},\"sameAs\":[\"https:\/\/www.itvagricola.es\/\",\"https:\/\/www.facebook.com\/profile.php?id=100067064354560&locale=es_ES\"]}]}<\/script>\n<!-- \/ Yoast SEO plugin. -->","yoast_head_json":{"title":"Sistema de etiquetado de productos fitosanitarios - ITV agricola","robots":{"index":"index","follow":"follow","max-snippet":"max-snippet:-1","max-image-preview":"max-image-preview:large","max-video-preview":"max-video-preview:-1"},"canonical":"http:\/\/www.itvagricola.es\/index.php\/sistema-de-etiquetado-de-productos-fitosanitarios\/","og_locale":"es_ES","og_type":"article","og_title":"Sistema de etiquetado de productos fitosanitarios - ITV agricola","og_description":"Sistema global de clasificaci\u00f3n y etiquetado de productos q\u00faimicos La Comunidad Europea decidi\u00f3 incluir los criterios armonizados de etiquetado y clasi\ufb01caci\u00f3n de los productos qu\u00edmicos.Esta decisi\u00f3n fue adoptada mediante el Reglamento (CE) N\u00ba 1272\/2008 del Parlamento Europeo y del Consejo, de 16 de Diciembre de 2008&nbsp; sobre etiquetado y envasado de sustancias y mezclas que [&hellip;]","og_url":"http:\/\/www.itvagricola.es\/index.php\/sistema-de-etiquetado-de-productos-fitosanitarios\/","og_site_name":"ITV agricola","article_publisher":"https:\/\/www.facebook.com\/profile.php?id=100067064354560&locale=es_ES","og_image":[{"url":"http:\/\/www.itvagricola.es\/wp-content\/uploads\/2023\/12\/ITV_agricola_29.jpg","type":"","width":"","height":""}],"twitter_card":"summary_large_image","twitter_misc":{"Tiempo de lectura":"1 minuto"},"schema":{"@context":"https:\/\/schema.org","@graph":[{"@type":"WebPage","@id":"http:\/\/www.itvagricola.es\/index.php\/sistema-de-etiquetado-de-productos-fitosanitarios\/","url":"http:\/\/www.itvagricola.es\/index.php\/sistema-de-etiquetado-de-productos-fitosanitarios\/","name":"Sistema de etiquetado de productos fitosanitarios - ITV agricola","isPartOf":{"@id":"http:\/\/www.itvagricola.es\/#website"},"primaryImageOfPage":{"@id":"http:\/\/www.itvagricola.es\/index.php\/sistema-de-etiquetado-de-productos-fitosanitarios\/#primaryimage"},"image":{"@id":"http:\/\/www.itvagricola.es\/index.php\/sistema-de-etiquetado-de-productos-fitosanitarios\/#primaryimage"},"thumbnailUrl":"http:\/\/www.itvagricola.es\/wp-content\/uploads\/2023\/12\/ITV_agricola_29.jpg","datePublished":"2023-12-10T20:51:41+00:00","breadcrumb":{"@id":"http:\/\/www.itvagricola.es\/index.php\/sistema-de-etiquetado-de-productos-fitosanitarios\/#breadcrumb"},"inLanguage":"es","potentialAction":[{"@type":"ReadAction","target":["http:\/\/www.itvagricola.es\/index.php\/sistema-de-etiquetado-de-productos-fitosanitarios\/"]}]},{"@type":"ImageObject","inLanguage":"es","@id":"http:\/\/www.itvagricola.es\/index.php\/sistema-de-etiquetado-de-productos-fitosanitarios\/#primaryimage","url":"http:\/\/www.itvagricola.es\/wp-content\/uploads\/2023\/12\/ITV_agricola_29.jpg","contentUrl":"http:\/\/www.itvagricola.es\/wp-content\/uploads\/2023\/12\/ITV_agricola_29.jpg","width":600,"height":285},{"@type":"BreadcrumbList","@id":"http:\/\/www.itvagricola.es\/index.php\/sistema-de-etiquetado-de-productos-fitosanitarios\/#breadcrumb","itemListElement":[{"@type":"ListItem","position":1,"name":"Portada","item":"http:\/\/www.itvagricola.es\/"},{"@type":"ListItem","position":2,"name":"Sistema de etiquetado de productos fitosanitarios"}]},{"@type":"WebSite","@id":"http:\/\/www.itvagricola.es\/#website","url":"http:\/\/www.itvagricola.es\/","name":"ITV agricola","description":"ITEAF 1610: Castilla la Mancha, Arag\u00f3n, Madrid y Valencia.","publisher":{"@id":"http:\/\/www.itvagricola.es\/#\/schema\/person\/dbad37a13afd623eb1a191ed7ca7de2f"},"potentialAction":[{"@type":"SearchAction","target":{"@type":"EntryPoint","urlTemplate":"http:\/\/www.itvagricola.es\/?s={search_term_string}"},"query-input":{"@type":"PropertyValueSpecification","valueRequired":true,"valueName":"search_term_string"}}],"inLanguage":"es"},{"@type":["Person","Organization"],"@id":"http:\/\/www.itvagricola.es\/#\/schema\/person\/dbad37a13afd623eb1a191ed7ca7de2f","name":"luisAntonio torres","image":{"@type":"ImageObject","inLanguage":"es","@id":"http:\/\/www.itvagricola.es\/#\/schema\/person\/image\/","url":"http:\/\/www.itvagricola.es\/wp-content\/uploads\/2023\/12\/cropped-logoITVagricola_01.jpg","contentUrl":"http:\/\/www.itvagricola.es\/wp-content\/uploads\/2023\/12\/cropped-logoITVagricola_01.jpg","width":788,"height":315,"caption":"luisAntonio torres"},"logo":{"@id":"http:\/\/www.itvagricola.es\/#\/schema\/person\/image\/"},"sameAs":["https:\/\/www.itvagricola.es\/","https:\/\/www.facebook.com\/profile.php?id=100067064354560&locale=es_ES"]}]}},"_links":{"self":[{"href":"http:\/\/www.itvagricola.es\/index.php\/wp-json\/wp\/v2\/pages\/107","targetHints":{"allow":["GET"]}}],"collection":[{"href":"http:\/\/www.itvagricola.es\/index.php\/wp-json\/wp\/v2\/pages"}],"about":[{"href":"http:\/\/www.itvagricola.es\/index.php\/wp-json\/wp\/v2\/types\/page"}],"author":[{"embeddable":true,"href":"http:\/\/www.itvagricola.es\/index.php\/wp-json\/wp\/v2\/users\/1"}],"replies":[{"embeddable":true,"href":"http:\/\/www.itvagricola.es\/index.php\/wp-json\/wp\/v2\/comments?post=107"}],"version-history":[{"count":0,"href":"http:\/\/www.itvagricola.es\/index.php\/wp-json\/wp\/v2\/pages\/107\/revisions"}],"wp:attachment":[{"href":"http:\/\/www.itvagricola.es\/index.php\/wp-json\/wp\/v2\/media?parent=107"}],"curies":[{"name":"wp","href":"https:\/\/api.w.org\/{rel}","templated":true}]}}