{"id":27,"date":"2023-12-10T18:51:30","date_gmt":"2023-12-10T18:51:30","guid":{"rendered":"https:\/\/www.itvagricola.es\/?page_id=27"},"modified":"2023-12-10T18:51:31","modified_gmt":"2023-12-10T18:51:31","slug":"taller-practico-demostrativo","status":"publish","type":"page","link":"http:\/\/www.itvagricola.es\/index.php\/taller-practico-demostrativo\/","title":{"rendered":"TALLER PRACTICO DEMOSTRATIVO"},"content":{"rendered":"<div class=\"wp-block-image\">\n<figure class=\"aligncenter size-full is-resized\"><img loading=\"lazy\" decoding=\"async\" width=\"630\" height=\"265\" src=\"http:\/\/www.itvagricola.es\/wp-content\/uploads\/2023\/12\/ITV_agricola_03.jpg\" alt=\"\" class=\"wp-image-28\" style=\"width:936px;height:auto\" srcset=\"http:\/\/www.itvagricola.es\/wp-content\/uploads\/2023\/12\/ITV_agricola_03.jpg 630w, http:\/\/www.itvagricola.es\/wp-content\/uploads\/2023\/12\/ITV_agricola_03-300x126.jpg 300w\" sizes=\"auto, (max-width: 630px) 100vw, 630px\" \/><\/figure>\n<\/div>\n\n\n<h2 class=\"wp-block-heading\"><strong>Taller practico formativo e informativode ITEAF para grupos<\/strong><\/h2>\n\n\n\n<p>El taller pr\u00e1ctico que realiza  ITV agr\u00edcola, est\u00e1n teniendo una amplia acogida, aunque a\u00fan quedan fechas libres si quieres organizar uno.<\/p>\n\n\n\n<p>Estos eventos formativos son patrocinados, si quer\u00e9is que organicemos uno tu localidad, taller, cooperativa, empresa. PONTE EN <a href=\"http:\/\/www.itvagricola.es\/cita-previa\/\">CONTACTO<\/a> CON ITV agr\u00edcola.Si deseas tener m\u00e1s informaci\u00f3n sobre alguna de estas charlas, o sois un colectivo que os gustar\u00eda organizar una demostraci\u00f3n, no dudes en ponerte en contacto con nosotros.<img loading=\"lazy\" decoding=\"async\" width=\"601\" height=\"252\" src=\"\" alt=\"taller practico\">Tambi\u00e9n es posible organizar otro tipo de taller pr\u00e1ctico con mas horas de formaci\u00f3n, abarcando mas temas, lo podemos hacer a la carta seg\u00fan la demanda del cliente y entregar diplomas de asistencia. Escuchamos las propuestas que nos hag\u00e1is nos podemos amoldar a vuestra demanda especifica. Los talleres tienen un car\u00e1cter eminentemente pr\u00e1ctico, aunque tambi\u00e9n impartimos una peque\u00f1a parte te\u00f3rica y a veces visionamos alg\u00fan v\u00eddeo sobre el tema a tratar para hacer ver a los asistentes la importancia de comprender el funcionamiento, daremos las claves para que vuestro equipo funcione perfectamente y realizamos dos pr\u00e1cticas distintas normalmente .<\/p>\n","protected":false},"excerpt":{"rendered":"<p>Taller practico formativo e informativode ITEAF para grupos El taller pr\u00e1ctico que realiza ITV agr\u00edcola, est\u00e1n teniendo una amplia acogida, aunque a\u00fan quedan fechas libres si quieres organizar uno. Estos eventos formativos son patrocinados, si quer\u00e9is que organicemos uno tu localidad, taller, cooperativa, empresa. PONTE EN CONTACTO CON ITV agr\u00edcola.Si deseas tener m\u00e1s informaci\u00f3n sobre [&hellip;]<\/p>\n","protected":false},"author":1,"featured_media":0,"parent":0,"menu_order":0,"comment_status":"closed","ping_status":"closed","template":"","meta":{"footnotes":""},"class_list":["post-27","page","type-page","status-publish","czr-hentry"],"yoast_head":"<!-- This site is optimized with the Yoast SEO plugin v26.6 - https:\/\/yoast.com\/wordpress\/plugins\/seo\/ -->\n<title>TALLER PRACTICO DEMOSTRATIVO - ITV agricola<\/title>\n<meta name=\"robots\" content=\"index, follow, max-snippet:-1, max-image-preview:large, max-video-preview:-1\" \/>\n<link rel=\"canonical\" href=\"http:\/\/www.itvagricola.es\/index.php\/taller-practico-demostrativo\/\" \/>\n<meta property=\"og:locale\" content=\"es_ES\" \/>\n<meta property=\"og:type\" content=\"article\" \/>\n<meta property=\"og:title\" content=\"TALLER PRACTICO DEMOSTRATIVO - ITV agricola\" \/>\n<meta property=\"og:description\" content=\"Taller practico formativo e informativode ITEAF para grupos El taller pr\u00e1ctico que realiza ITV agr\u00edcola, est\u00e1n teniendo una amplia acogida, aunque a\u00fan quedan fechas libres si quieres organizar uno. Estos eventos formativos son patrocinados, si quer\u00e9is que organicemos uno tu localidad, taller, cooperativa, empresa. PONTE EN CONTACTO CON ITV agr\u00edcola.Si deseas tener m\u00e1s informaci\u00f3n sobre [&hellip;]\" \/>\n<meta property=\"og:url\" content=\"http:\/\/www.itvagricola.es\/index.php\/taller-practico-demostrativo\/\" \/>\n<meta property=\"og:site_name\" content=\"ITV agricola\" \/>\n<meta property=\"article:publisher\" content=\"https:\/\/www.facebook.com\/profile.php?id=100067064354560&amp;locale=es_ES\" \/>\n<meta property=\"article:modified_time\" content=\"2023-12-10T18:51:31+00:00\" \/>\n<meta property=\"og:image\" content=\"http:\/\/www.itvagricola.es\/wp-content\/uploads\/2023\/12\/ITV_agricola_03.jpg\" \/>\n<meta name=\"twitter:card\" content=\"summary_large_image\" \/>\n<meta name=\"twitter:label1\" content=\"Tiempo de lectura\" \/>\n\t<meta name=\"twitter:data1\" content=\"1 minuto\" \/>\n<script type=\"application\/ld+json\" class=\"yoast-schema-graph\">{\"@context\":\"https:\/\/schema.org\",\"@graph\":[{\"@type\":\"WebPage\",\"@id\":\"http:\/\/www.itvagricola.es\/index.php\/taller-practico-demostrativo\/\",\"url\":\"http:\/\/www.itvagricola.es\/index.php\/taller-practico-demostrativo\/\",\"name\":\"TALLER PRACTICO DEMOSTRATIVO - ITV agricola\",\"isPartOf\":{\"@id\":\"http:\/\/www.itvagricola.es\/#website\"},\"primaryImageOfPage\":{\"@id\":\"http:\/\/www.itvagricola.es\/index.php\/taller-practico-demostrativo\/#primaryimage\"},\"image\":{\"@id\":\"http:\/\/www.itvagricola.es\/index.php\/taller-practico-demostrativo\/#primaryimage\"},\"thumbnailUrl\":\"http:\/\/www.itvagricola.es\/wp-content\/uploads\/2023\/12\/ITV_agricola_03.jpg\",\"datePublished\":\"2023-12-10T18:51:30+00:00\",\"dateModified\":\"2023-12-10T18:51:31+00:00\",\"breadcrumb\":{\"@id\":\"http:\/\/www.itvagricola.es\/index.php\/taller-practico-demostrativo\/#breadcrumb\"},\"inLanguage\":\"es\",\"potentialAction\":[{\"@type\":\"ReadAction\",\"target\":[\"http:\/\/www.itvagricola.es\/index.php\/taller-practico-demostrativo\/\"]}]},{\"@type\":\"ImageObject\",\"inLanguage\":\"es\",\"@id\":\"http:\/\/www.itvagricola.es\/index.php\/taller-practico-demostrativo\/#primaryimage\",\"url\":\"http:\/\/www.itvagricola.es\/wp-content\/uploads\/2023\/12\/ITV_agricola_03.jpg\",\"contentUrl\":\"http:\/\/www.itvagricola.es\/wp-content\/uploads\/2023\/12\/ITV_agricola_03.jpg\",\"width\":630,\"height\":265},{\"@type\":\"BreadcrumbList\",\"@id\":\"http:\/\/www.itvagricola.es\/index.php\/taller-practico-demostrativo\/#breadcrumb\",\"itemListElement\":[{\"@type\":\"ListItem\",\"position\":1,\"name\":\"Portada\",\"item\":\"http:\/\/www.itvagricola.es\/\"},{\"@type\":\"ListItem\",\"position\":2,\"name\":\"TALLER PRACTICO DEMOSTRATIVO\"}]},{\"@type\":\"WebSite\",\"@id\":\"http:\/\/www.itvagricola.es\/#website\",\"url\":\"http:\/\/www.itvagricola.es\/\",\"name\":\"ITV agricola\",\"description\":\"ITEAF 1610: Castilla la Mancha, Arag\u00f3n, Madrid y Valencia.\",\"publisher\":{\"@id\":\"http:\/\/www.itvagricola.es\/#\/schema\/person\/dbad37a13afd623eb1a191ed7ca7de2f\"},\"potentialAction\":[{\"@type\":\"SearchAction\",\"target\":{\"@type\":\"EntryPoint\",\"urlTemplate\":\"http:\/\/www.itvagricola.es\/?s={search_term_string}\"},\"query-input\":{\"@type\":\"PropertyValueSpecification\",\"valueRequired\":true,\"valueName\":\"search_term_string\"}}],\"inLanguage\":\"es\"},{\"@type\":[\"Person\",\"Organization\"],\"@id\":\"http:\/\/www.itvagricola.es\/#\/schema\/person\/dbad37a13afd623eb1a191ed7ca7de2f\",\"name\":\"luisAntonio torres\",\"image\":{\"@type\":\"ImageObject\",\"inLanguage\":\"es\",\"@id\":\"http:\/\/www.itvagricola.es\/#\/schema\/person\/image\/\",\"url\":\"http:\/\/www.itvagricola.es\/wp-content\/uploads\/2023\/12\/cropped-logoITVagricola_01.jpg\",\"contentUrl\":\"http:\/\/www.itvagricola.es\/wp-content\/uploads\/2023\/12\/cropped-logoITVagricola_01.jpg\",\"width\":788,\"height\":315,\"caption\":\"luisAntonio torres\"},\"logo\":{\"@id\":\"http:\/\/www.itvagricola.es\/#\/schema\/person\/image\/\"},\"sameAs\":[\"https:\/\/www.itvagricola.es\/\",\"https:\/\/www.facebook.com\/profile.php?id=100067064354560&locale=es_ES\"]}]}<\/script>\n<!-- \/ Yoast SEO plugin. -->","yoast_head_json":{"title":"TALLER PRACTICO DEMOSTRATIVO - ITV agricola","robots":{"index":"index","follow":"follow","max-snippet":"max-snippet:-1","max-image-preview":"max-image-preview:large","max-video-preview":"max-video-preview:-1"},"canonical":"http:\/\/www.itvagricola.es\/index.php\/taller-practico-demostrativo\/","og_locale":"es_ES","og_type":"article","og_title":"TALLER PRACTICO DEMOSTRATIVO - ITV agricola","og_description":"Taller practico formativo e informativode ITEAF para grupos El taller pr\u00e1ctico que realiza ITV agr\u00edcola, est\u00e1n teniendo una amplia acogida, aunque a\u00fan quedan fechas libres si quieres organizar uno. Estos eventos formativos son patrocinados, si quer\u00e9is que organicemos uno tu localidad, taller, cooperativa, empresa. PONTE EN CONTACTO CON ITV agr\u00edcola.Si deseas tener m\u00e1s informaci\u00f3n sobre [&hellip;]","og_url":"http:\/\/www.itvagricola.es\/index.php\/taller-practico-demostrativo\/","og_site_name":"ITV agricola","article_publisher":"https:\/\/www.facebook.com\/profile.php?id=100067064354560&locale=es_ES","article_modified_time":"2023-12-10T18:51:31+00:00","og_image":[{"url":"http:\/\/www.itvagricola.es\/wp-content\/uploads\/2023\/12\/ITV_agricola_03.jpg","type":"","width":"","height":""}],"twitter_card":"summary_large_image","twitter_misc":{"Tiempo de lectura":"1 minuto"},"schema":{"@context":"https:\/\/schema.org","@graph":[{"@type":"WebPage","@id":"http:\/\/www.itvagricola.es\/index.php\/taller-practico-demostrativo\/","url":"http:\/\/www.itvagricola.es\/index.php\/taller-practico-demostrativo\/","name":"TALLER PRACTICO DEMOSTRATIVO - ITV agricola","isPartOf":{"@id":"http:\/\/www.itvagricola.es\/#website"},"primaryImageOfPage":{"@id":"http:\/\/www.itvagricola.es\/index.php\/taller-practico-demostrativo\/#primaryimage"},"image":{"@id":"http:\/\/www.itvagricola.es\/index.php\/taller-practico-demostrativo\/#primaryimage"},"thumbnailUrl":"http:\/\/www.itvagricola.es\/wp-content\/uploads\/2023\/12\/ITV_agricola_03.jpg","datePublished":"2023-12-10T18:51:30+00:00","dateModified":"2023-12-10T18:51:31+00:00","breadcrumb":{"@id":"http:\/\/www.itvagricola.es\/index.php\/taller-practico-demostrativo\/#breadcrumb"},"inLanguage":"es","potentialAction":[{"@type":"ReadAction","target":["http:\/\/www.itvagricola.es\/index.php\/taller-practico-demostrativo\/"]}]},{"@type":"ImageObject","inLanguage":"es","@id":"http:\/\/www.itvagricola.es\/index.php\/taller-practico-demostrativo\/#primaryimage","url":"http:\/\/www.itvagricola.es\/wp-content\/uploads\/2023\/12\/ITV_agricola_03.jpg","contentUrl":"http:\/\/www.itvagricola.es\/wp-content\/uploads\/2023\/12\/ITV_agricola_03.jpg","width":630,"height":265},{"@type":"BreadcrumbList","@id":"http:\/\/www.itvagricola.es\/index.php\/taller-practico-demostrativo\/#breadcrumb","itemListElement":[{"@type":"ListItem","position":1,"name":"Portada","item":"http:\/\/www.itvagricola.es\/"},{"@type":"ListItem","position":2,"name":"TALLER PRACTICO DEMOSTRATIVO"}]},{"@type":"WebSite","@id":"http:\/\/www.itvagricola.es\/#website","url":"http:\/\/www.itvagricola.es\/","name":"ITV agricola","description":"ITEAF 1610: Castilla la Mancha, Arag\u00f3n, Madrid y Valencia.","publisher":{"@id":"http:\/\/www.itvagricola.es\/#\/schema\/person\/dbad37a13afd623eb1a191ed7ca7de2f"},"potentialAction":[{"@type":"SearchAction","target":{"@type":"EntryPoint","urlTemplate":"http:\/\/www.itvagricola.es\/?s={search_term_string}"},"query-input":{"@type":"PropertyValueSpecification","valueRequired":true,"valueName":"search_term_string"}}],"inLanguage":"es"},{"@type":["Person","Organization"],"@id":"http:\/\/www.itvagricola.es\/#\/schema\/person\/dbad37a13afd623eb1a191ed7ca7de2f","name":"luisAntonio torres","image":{"@type":"ImageObject","inLanguage":"es","@id":"http:\/\/www.itvagricola.es\/#\/schema\/person\/image\/","url":"http:\/\/www.itvagricola.es\/wp-content\/uploads\/2023\/12\/cropped-logoITVagricola_01.jpg","contentUrl":"http:\/\/www.itvagricola.es\/wp-content\/uploads\/2023\/12\/cropped-logoITVagricola_01.jpg","width":788,"height":315,"caption":"luisAntonio torres"},"logo":{"@id":"http:\/\/www.itvagricola.es\/#\/schema\/person\/image\/"},"sameAs":["https:\/\/www.itvagricola.es\/","https:\/\/www.facebook.com\/profile.php?id=100067064354560&locale=es_ES"]}]}},"_links":{"self":[{"href":"http:\/\/www.itvagricola.es\/index.php\/wp-json\/wp\/v2\/pages\/27","targetHints":{"allow":["GET"]}}],"collection":[{"href":"http:\/\/www.itvagricola.es\/index.php\/wp-json\/wp\/v2\/pages"}],"about":[{"href":"http:\/\/www.itvagricola.es\/index.php\/wp-json\/wp\/v2\/types\/page"}],"author":[{"embeddable":true,"href":"http:\/\/www.itvagricola.es\/index.php\/wp-json\/wp\/v2\/users\/1"}],"replies":[{"embeddable":true,"href":"http:\/\/www.itvagricola.es\/index.php\/wp-json\/wp\/v2\/comments?post=27"}],"version-history":[{"count":0,"href":"http:\/\/www.itvagricola.es\/index.php\/wp-json\/wp\/v2\/pages\/27\/revisions"}],"wp:attachment":[{"href":"http:\/\/www.itvagricola.es\/index.php\/wp-json\/wp\/v2\/media?parent=27"}],"curies":[{"name":"wp","href":"https:\/\/api.w.org\/{rel}","templated":true}]}}