{"id":33,"date":"2023-12-10T18:58:30","date_gmt":"2023-12-10T18:58:30","guid":{"rendered":"https:\/\/www.itvagricola.es\/?page_id=33"},"modified":"2023-12-10T18:58:30","modified_gmt":"2023-12-10T18:58:30","slug":"cosas-que-hay-que-hacer-antes-de-ir-a-la-iteaf","status":"publish","type":"page","link":"http:\/\/www.itvagricola.es\/index.php\/cosas-que-hay-que-hacer-antes-de-ir-a-la-iteaf\/","title":{"rendered":"cosas que hay que hacer antes de ir a la ITEAF"},"content":{"rendered":"\n<h1 class=\"wp-block-heading\"><\/h1>\n\n\n\n<p>ITEAF: Inspecci\u00f3n t\u00e9cnica de equipos de aplicaciones fitosanitarias<\/p>\n\n\n\n<h2 class=\"wp-block-heading\"><strong>\u00bfQue hay que hacer antes de presentarse a la ITEAF?<\/strong><\/h2>\n\n\n\n<ol class=\"wp-block-list\">\n<li>La maquinas deben de estar dada de alta en el Registro Oficial de Maquinaria Agr\u00edcola (ROMA).<\/li>\n\n\n\n<li>Limpiar el exterior e interior de la m\u00e1quina de tratamientos fitosanitarios al objeto de eliminar los residuos de productos.<\/li>\n\n\n\n<li>Es necesario que el man\u00f3metro con la m\u00e1quina parada debe marcar 0 bar.<\/li>\n\n\n\n<li>El dep\u00f3sito se encontrar\u00e1 lleno de agua limpia en 3\/4 partes de su capacidad nominal, en maquinas con el dep\u00f3sito muy grande servir\u00e1 con llenarlo hasta la mitad.<\/li>\n\n\n\n<li>Los resguardos de la toma de fuerza y su eje estar\u00e1n debidamente protegidos. Y lo mismo se aplicar\u00e1 al resto de elementos m\u00f3viles del equipo.<\/li>\n<\/ol>\n\n\n<div class=\"wp-block-image\">\n<figure class=\"aligncenter size-full is-resized\"><img loading=\"lazy\" decoding=\"async\" width=\"300\" height=\"125\" src=\"http:\/\/www.itvagricola.es\/wp-content\/uploads\/2023\/12\/ITV_agricola_05.jpg\" alt=\"\" class=\"wp-image-34\" style=\"width:528px;height:auto\"\/><\/figure>\n<\/div>","protected":false},"excerpt":{"rendered":"<p>ITEAF: Inspecci\u00f3n t\u00e9cnica de equipos de aplicaciones fitosanitarias \u00bfQue hay que hacer antes de presentarse a la ITEAF?<\/p>\n","protected":false},"author":1,"featured_media":0,"parent":0,"menu_order":0,"comment_status":"closed","ping_status":"closed","template":"","meta":{"footnotes":""},"class_list":["post-33","page","type-page","status-publish","czr-hentry"],"yoast_head":"<!-- This site is optimized with the Yoast SEO plugin v26.6 - https:\/\/yoast.com\/wordpress\/plugins\/seo\/ -->\n<title>cosas que hay que hacer antes de ir a la ITEAF - ITV agricola<\/title>\n<meta name=\"robots\" content=\"index, follow, max-snippet:-1, max-image-preview:large, max-video-preview:-1\" \/>\n<link rel=\"canonical\" href=\"http:\/\/www.itvagricola.es\/index.php\/cosas-que-hay-que-hacer-antes-de-ir-a-la-iteaf\/\" \/>\n<meta property=\"og:locale\" content=\"es_ES\" \/>\n<meta property=\"og:type\" content=\"article\" \/>\n<meta property=\"og:title\" content=\"cosas que hay que hacer antes de ir a la ITEAF - ITV agricola\" \/>\n<meta property=\"og:description\" content=\"ITEAF: Inspecci\u00f3n t\u00e9cnica de equipos de aplicaciones fitosanitarias \u00bfQue hay que hacer antes de presentarse a la ITEAF?\" \/>\n<meta property=\"og:url\" content=\"http:\/\/www.itvagricola.es\/index.php\/cosas-que-hay-que-hacer-antes-de-ir-a-la-iteaf\/\" \/>\n<meta property=\"og:site_name\" content=\"ITV agricola\" \/>\n<meta property=\"article:publisher\" content=\"https:\/\/www.facebook.com\/profile.php?id=100067064354560&amp;locale=es_ES\" \/>\n<meta property=\"og:image\" content=\"http:\/\/www.itvagricola.es\/wp-content\/uploads\/2023\/12\/ITV_agricola_05.jpg\" \/>\n<meta name=\"twitter:card\" content=\"summary_large_image\" \/>\n<meta name=\"twitter:label1\" content=\"Tiempo de lectura\" \/>\n\t<meta name=\"twitter:data1\" content=\"1 minuto\" \/>\n<script type=\"application\/ld+json\" class=\"yoast-schema-graph\">{\"@context\":\"https:\/\/schema.org\",\"@graph\":[{\"@type\":\"WebPage\",\"@id\":\"http:\/\/www.itvagricola.es\/index.php\/cosas-que-hay-que-hacer-antes-de-ir-a-la-iteaf\/\",\"url\":\"http:\/\/www.itvagricola.es\/index.php\/cosas-que-hay-que-hacer-antes-de-ir-a-la-iteaf\/\",\"name\":\"cosas que hay que hacer antes de ir a la ITEAF - ITV agricola\",\"isPartOf\":{\"@id\":\"http:\/\/www.itvagricola.es\/#website\"},\"primaryImageOfPage\":{\"@id\":\"http:\/\/www.itvagricola.es\/index.php\/cosas-que-hay-que-hacer-antes-de-ir-a-la-iteaf\/#primaryimage\"},\"image\":{\"@id\":\"http:\/\/www.itvagricola.es\/index.php\/cosas-que-hay-que-hacer-antes-de-ir-a-la-iteaf\/#primaryimage\"},\"thumbnailUrl\":\"http:\/\/www.itvagricola.es\/wp-content\/uploads\/2023\/12\/ITV_agricola_05.jpg\",\"datePublished\":\"2023-12-10T18:58:30+00:00\",\"breadcrumb\":{\"@id\":\"http:\/\/www.itvagricola.es\/index.php\/cosas-que-hay-que-hacer-antes-de-ir-a-la-iteaf\/#breadcrumb\"},\"inLanguage\":\"es\",\"potentialAction\":[{\"@type\":\"ReadAction\",\"target\":[\"http:\/\/www.itvagricola.es\/index.php\/cosas-que-hay-que-hacer-antes-de-ir-a-la-iteaf\/\"]}]},{\"@type\":\"ImageObject\",\"inLanguage\":\"es\",\"@id\":\"http:\/\/www.itvagricola.es\/index.php\/cosas-que-hay-que-hacer-antes-de-ir-a-la-iteaf\/#primaryimage\",\"url\":\"http:\/\/www.itvagricola.es\/wp-content\/uploads\/2023\/12\/ITV_agricola_05.jpg\",\"contentUrl\":\"http:\/\/www.itvagricola.es\/wp-content\/uploads\/2023\/12\/ITV_agricola_05.jpg\",\"width\":300,\"height\":125},{\"@type\":\"BreadcrumbList\",\"@id\":\"http:\/\/www.itvagricola.es\/index.php\/cosas-que-hay-que-hacer-antes-de-ir-a-la-iteaf\/#breadcrumb\",\"itemListElement\":[{\"@type\":\"ListItem\",\"position\":1,\"name\":\"Portada\",\"item\":\"http:\/\/www.itvagricola.es\/\"},{\"@type\":\"ListItem\",\"position\":2,\"name\":\"cosas que hay que hacer antes de ir a la ITEAF\"}]},{\"@type\":\"WebSite\",\"@id\":\"http:\/\/www.itvagricola.es\/#website\",\"url\":\"http:\/\/www.itvagricola.es\/\",\"name\":\"ITV agricola\",\"description\":\"ITEAF 1610: Castilla la Mancha, Arag\u00f3n, Madrid y Valencia.\",\"publisher\":{\"@id\":\"http:\/\/www.itvagricola.es\/#\/schema\/person\/dbad37a13afd623eb1a191ed7ca7de2f\"},\"potentialAction\":[{\"@type\":\"SearchAction\",\"target\":{\"@type\":\"EntryPoint\",\"urlTemplate\":\"http:\/\/www.itvagricola.es\/?s={search_term_string}\"},\"query-input\":{\"@type\":\"PropertyValueSpecification\",\"valueRequired\":true,\"valueName\":\"search_term_string\"}}],\"inLanguage\":\"es\"},{\"@type\":[\"Person\",\"Organization\"],\"@id\":\"http:\/\/www.itvagricola.es\/#\/schema\/person\/dbad37a13afd623eb1a191ed7ca7de2f\",\"name\":\"luisAntonio torres\",\"image\":{\"@type\":\"ImageObject\",\"inLanguage\":\"es\",\"@id\":\"http:\/\/www.itvagricola.es\/#\/schema\/person\/image\/\",\"url\":\"http:\/\/www.itvagricola.es\/wp-content\/uploads\/2023\/12\/cropped-logoITVagricola_01.jpg\",\"contentUrl\":\"http:\/\/www.itvagricola.es\/wp-content\/uploads\/2023\/12\/cropped-logoITVagricola_01.jpg\",\"width\":788,\"height\":315,\"caption\":\"luisAntonio torres\"},\"logo\":{\"@id\":\"http:\/\/www.itvagricola.es\/#\/schema\/person\/image\/\"},\"sameAs\":[\"https:\/\/www.itvagricola.es\/\",\"https:\/\/www.facebook.com\/profile.php?id=100067064354560&locale=es_ES\"]}]}<\/script>\n<!-- \/ Yoast SEO plugin. -->","yoast_head_json":{"title":"cosas que hay que hacer antes de ir a la ITEAF - ITV agricola","robots":{"index":"index","follow":"follow","max-snippet":"max-snippet:-1","max-image-preview":"max-image-preview:large","max-video-preview":"max-video-preview:-1"},"canonical":"http:\/\/www.itvagricola.es\/index.php\/cosas-que-hay-que-hacer-antes-de-ir-a-la-iteaf\/","og_locale":"es_ES","og_type":"article","og_title":"cosas que hay que hacer antes de ir a la ITEAF - ITV agricola","og_description":"ITEAF: Inspecci\u00f3n t\u00e9cnica de equipos de aplicaciones fitosanitarias \u00bfQue hay que hacer antes de presentarse a la ITEAF?","og_url":"http:\/\/www.itvagricola.es\/index.php\/cosas-que-hay-que-hacer-antes-de-ir-a-la-iteaf\/","og_site_name":"ITV agricola","article_publisher":"https:\/\/www.facebook.com\/profile.php?id=100067064354560&locale=es_ES","og_image":[{"url":"http:\/\/www.itvagricola.es\/wp-content\/uploads\/2023\/12\/ITV_agricola_05.jpg","type":"","width":"","height":""}],"twitter_card":"summary_large_image","twitter_misc":{"Tiempo de lectura":"1 minuto"},"schema":{"@context":"https:\/\/schema.org","@graph":[{"@type":"WebPage","@id":"http:\/\/www.itvagricola.es\/index.php\/cosas-que-hay-que-hacer-antes-de-ir-a-la-iteaf\/","url":"http:\/\/www.itvagricola.es\/index.php\/cosas-que-hay-que-hacer-antes-de-ir-a-la-iteaf\/","name":"cosas que hay que hacer antes de ir a la ITEAF - ITV agricola","isPartOf":{"@id":"http:\/\/www.itvagricola.es\/#website"},"primaryImageOfPage":{"@id":"http:\/\/www.itvagricola.es\/index.php\/cosas-que-hay-que-hacer-antes-de-ir-a-la-iteaf\/#primaryimage"},"image":{"@id":"http:\/\/www.itvagricola.es\/index.php\/cosas-que-hay-que-hacer-antes-de-ir-a-la-iteaf\/#primaryimage"},"thumbnailUrl":"http:\/\/www.itvagricola.es\/wp-content\/uploads\/2023\/12\/ITV_agricola_05.jpg","datePublished":"2023-12-10T18:58:30+00:00","breadcrumb":{"@id":"http:\/\/www.itvagricola.es\/index.php\/cosas-que-hay-que-hacer-antes-de-ir-a-la-iteaf\/#breadcrumb"},"inLanguage":"es","potentialAction":[{"@type":"ReadAction","target":["http:\/\/www.itvagricola.es\/index.php\/cosas-que-hay-que-hacer-antes-de-ir-a-la-iteaf\/"]}]},{"@type":"ImageObject","inLanguage":"es","@id":"http:\/\/www.itvagricola.es\/index.php\/cosas-que-hay-que-hacer-antes-de-ir-a-la-iteaf\/#primaryimage","url":"http:\/\/www.itvagricola.es\/wp-content\/uploads\/2023\/12\/ITV_agricola_05.jpg","contentUrl":"http:\/\/www.itvagricola.es\/wp-content\/uploads\/2023\/12\/ITV_agricola_05.jpg","width":300,"height":125},{"@type":"BreadcrumbList","@id":"http:\/\/www.itvagricola.es\/index.php\/cosas-que-hay-que-hacer-antes-de-ir-a-la-iteaf\/#breadcrumb","itemListElement":[{"@type":"ListItem","position":1,"name":"Portada","item":"http:\/\/www.itvagricola.es\/"},{"@type":"ListItem","position":2,"name":"cosas que hay que hacer antes de ir a la ITEAF"}]},{"@type":"WebSite","@id":"http:\/\/www.itvagricola.es\/#website","url":"http:\/\/www.itvagricola.es\/","name":"ITV agricola","description":"ITEAF 1610: Castilla la Mancha, Arag\u00f3n, Madrid y Valencia.","publisher":{"@id":"http:\/\/www.itvagricola.es\/#\/schema\/person\/dbad37a13afd623eb1a191ed7ca7de2f"},"potentialAction":[{"@type":"SearchAction","target":{"@type":"EntryPoint","urlTemplate":"http:\/\/www.itvagricola.es\/?s={search_term_string}"},"query-input":{"@type":"PropertyValueSpecification","valueRequired":true,"valueName":"search_term_string"}}],"inLanguage":"es"},{"@type":["Person","Organization"],"@id":"http:\/\/www.itvagricola.es\/#\/schema\/person\/dbad37a13afd623eb1a191ed7ca7de2f","name":"luisAntonio torres","image":{"@type":"ImageObject","inLanguage":"es","@id":"http:\/\/www.itvagricola.es\/#\/schema\/person\/image\/","url":"http:\/\/www.itvagricola.es\/wp-content\/uploads\/2023\/12\/cropped-logoITVagricola_01.jpg","contentUrl":"http:\/\/www.itvagricola.es\/wp-content\/uploads\/2023\/12\/cropped-logoITVagricola_01.jpg","width":788,"height":315,"caption":"luisAntonio torres"},"logo":{"@id":"http:\/\/www.itvagricola.es\/#\/schema\/person\/image\/"},"sameAs":["https:\/\/www.itvagricola.es\/","https:\/\/www.facebook.com\/profile.php?id=100067064354560&locale=es_ES"]}]}},"_links":{"self":[{"href":"http:\/\/www.itvagricola.es\/index.php\/wp-json\/wp\/v2\/pages\/33","targetHints":{"allow":["GET"]}}],"collection":[{"href":"http:\/\/www.itvagricola.es\/index.php\/wp-json\/wp\/v2\/pages"}],"about":[{"href":"http:\/\/www.itvagricola.es\/index.php\/wp-json\/wp\/v2\/types\/page"}],"author":[{"embeddable":true,"href":"http:\/\/www.itvagricola.es\/index.php\/wp-json\/wp\/v2\/users\/1"}],"replies":[{"embeddable":true,"href":"http:\/\/www.itvagricola.es\/index.php\/wp-json\/wp\/v2\/comments?post=33"}],"version-history":[{"count":0,"href":"http:\/\/www.itvagricola.es\/index.php\/wp-json\/wp\/v2\/pages\/33\/revisions"}],"wp:attachment":[{"href":"http:\/\/www.itvagricola.es\/index.php\/wp-json\/wp\/v2\/media?parent=33"}],"curies":[{"name":"wp","href":"https:\/\/api.w.org\/{rel}","templated":true}]}}