{"id":56,"date":"2023-12-10T20:00:04","date_gmt":"2023-12-10T20:00:04","guid":{"rendered":"https:\/\/www.itvagricola.es\/?page_id=56"},"modified":"2023-12-10T20:00:05","modified_gmt":"2023-12-10T20:00:05","slug":"solicitud-de-baja-en-roma","status":"publish","type":"page","link":"http:\/\/www.itvagricola.es\/index.php\/solicitud-de-baja-en-roma\/","title":{"rendered":"Solicitud de baja en ROMA"},"content":{"rendered":"\n<h1 class=\"wp-block-heading\"><strong>C\u00f3mo puedo presentar la solicitud de baja en ROMA<\/strong><\/h1>\n\n\n\n<h2 class=\"wp-block-heading\"><strong>Por Internet<\/strong><\/h2>\n\n\n\n<p>La solicitud de baja se podr\u00e1 presentar durante las 24 horas del d\u00eda los siete d\u00edas de la semana a trav\u00e9s de Internet. Para ello tendr\u00e1 que disponer de firma electr\u00f3nica. Se realizar\u00e1 a trav\u00e9s del formulario incluido en la p\u00e1gina Web de la Comunidad Aut\u00f3noma.<\/p>\n\n\n\n<ol class=\"wp-block-list\">\n<li><s><\/s><a href=\"http:\/\/agricultura.jccm.es\/metaoficina\/mostrarRecursosOL.action?model.codSiaci=JO6\"><s>Junta de Comunidades de Castilla-La Mancha<\/s><\/a><s><u><\/u><\/s><\/li>\n<\/ol>\n\n\n<div class=\"wp-block-image\">\n<figure class=\"aligncenter size-full\"><img loading=\"lazy\" decoding=\"async\" width=\"300\" height=\"198\" src=\"http:\/\/www.itvagricola.es\/wp-content\/uploads\/2023\/12\/ITV_agricola_08.jpg\" alt=\"\" class=\"wp-image-46\"\/><\/figure>\n<\/div>\n\n\n<h3 class=\"wp-block-heading\"><strong>Presencialmente<\/strong><\/h3>\n\n\n\n<p>Las solicitudes podr\u00e1n ser presentadas en el Registros de los Servicios Centrales, los Servicios Perif\u00e9ricos y las Oficinas Comarcales Agrarias de la Consejer\u00eda de Agricultura, o en los lugares previstos en el art\u00edculo 38.4 de la Ley 30\/1992 de 26 de noviembre, del R\u00e9gimen Jur\u00eddico de las Administraci\u00f3n Publicas y del Procedimiento Administrativo Com\u00fan.<\/p>\n\n\n\n<ul class=\"wp-block-list\">\n<li>Junta de Comunidades de Castilla-La Mancha<\/li>\n\n\n\n<li><a href=\"http:\/\/www.castillalamancha.es\/gobierno\/haciendayaapp\/cartasdeservicio\/oficinas-de-informaci%C3%B3n-y-registro-de-albacete\">Oficinas Informaci\u00f3n y Registro de Albacete<\/a><\/li>\n\n\n\n<li><a href=\"http:\/\/www.castillalamancha.es\/gobierno\/haciendayaapp\/cartasdeservicio\/oficinas-de-informaci%C3%B3n-y-registro-de-ciudad-real\">Oficinas Informaci\u00f3n y Registro Ciudad Real<\/a><\/li>\n\n\n\n<li><a href=\"http:\/\/www.castillalamancha.es\/gobierno\/haciendayaapp\/cartasdeservicio\/oficina-de-informaci%C3%B3n-y-registro-de-cuenca\">Oficina Informaci\u00f3n y Registro de Cuenca<\/a><\/li>\n\n\n\n<li><a href=\"http:\/\/www.castillalamancha.es\/gobierno\/haciendayaapp\/cartasdeservicio\/oficinas-de-informaci%C3%B3n-y-registro-de-guadalajara\">Oficinas Informaci\u00f3n y Registro Guadalajara<\/a><\/li>\n\n\n\n<li><a href=\"http:\/\/www.castillalamancha.es\/gobierno\/haciendayaapp\/cartasdeservicio\/oficinas-de-informaci%C3%B3n-y-registro-de-toledo\">Oficinas Informaci\u00f3n y Registro de Toledo<\/a><\/li>\n<\/ul>\n\n\n\n<p><strong>Documentaci\u00f3n que debe acompa\u00f1ar a la solicitud de baja en ROMA<\/strong><\/p>\n\n\n\n<ul class=\"wp-block-list\">\n<li>Cumplimentar la solicitud de inscripci\u00f3n.<\/li>\n\n\n\n<li>NIF del titular de la m\u00e1quina. En caso de sociedad, NIF y escrituras de constituci\u00f3n.<\/li>\n\n\n\n<li>Justificante de ingreso de la tasa correspondiente o pago directamente a trav\u00e9s de la p\u00e1gina web.<\/li>\n<\/ul>\n\n\n\n<h2 class=\"wp-block-heading\"><strong>Tambi\u00e9n puede contactar con ITV agr\u00edcola y nosotros nos encargamos de todo.<\/strong><\/h2>\n","protected":false},"excerpt":{"rendered":"<p>C\u00f3mo puedo presentar la solicitud de baja en ROMA Por Internet La solicitud de baja se podr\u00e1 presentar durante las 24 horas del d\u00eda los siete d\u00edas de la semana a trav\u00e9s de Internet. Para ello tendr\u00e1 que disponer de firma electr\u00f3nica. Se realizar\u00e1 a trav\u00e9s del formulario incluido en la p\u00e1gina Web de la [&hellip;]<\/p>\n","protected":false},"author":1,"featured_media":0,"parent":0,"menu_order":0,"comment_status":"closed","ping_status":"closed","template":"","meta":{"footnotes":""},"class_list":["post-56","page","type-page","status-publish","czr-hentry"],"yoast_head":"<!-- This site is optimized with the Yoast SEO plugin v26.6 - https:\/\/yoast.com\/wordpress\/plugins\/seo\/ -->\n<title>Solicitud de baja en ROMA - ITV agricola<\/title>\n<meta name=\"robots\" content=\"index, follow, max-snippet:-1, max-image-preview:large, max-video-preview:-1\" \/>\n<link rel=\"canonical\" href=\"http:\/\/www.itvagricola.es\/index.php\/solicitud-de-baja-en-roma\/\" \/>\n<meta property=\"og:locale\" content=\"es_ES\" \/>\n<meta property=\"og:type\" content=\"article\" \/>\n<meta property=\"og:title\" content=\"Solicitud de baja en ROMA - ITV agricola\" \/>\n<meta property=\"og:description\" content=\"C\u00f3mo puedo presentar la solicitud de baja en ROMA Por Internet La solicitud de baja se podr\u00e1 presentar durante las 24 horas del d\u00eda los siete d\u00edas de la semana a trav\u00e9s de Internet. Para ello tendr\u00e1 que disponer de firma electr\u00f3nica. Se realizar\u00e1 a trav\u00e9s del formulario incluido en la p\u00e1gina Web de la [&hellip;]\" \/>\n<meta property=\"og:url\" content=\"http:\/\/www.itvagricola.es\/index.php\/solicitud-de-baja-en-roma\/\" \/>\n<meta property=\"og:site_name\" content=\"ITV agricola\" \/>\n<meta property=\"article:publisher\" content=\"https:\/\/www.facebook.com\/profile.php?id=100067064354560&amp;locale=es_ES\" \/>\n<meta property=\"article:modified_time\" content=\"2023-12-10T20:00:05+00:00\" \/>\n<meta property=\"og:image\" content=\"http:\/\/www.itvagricola.es\/wp-content\/uploads\/2023\/12\/ITV_agricola_08.jpg\" \/>\n<meta name=\"twitter:card\" content=\"summary_large_image\" \/>\n<meta name=\"twitter:label1\" content=\"Tiempo de lectura\" \/>\n\t<meta name=\"twitter:data1\" content=\"1 minuto\" \/>\n<script type=\"application\/ld+json\" class=\"yoast-schema-graph\">{\"@context\":\"https:\/\/schema.org\",\"@graph\":[{\"@type\":\"WebPage\",\"@id\":\"http:\/\/www.itvagricola.es\/index.php\/solicitud-de-baja-en-roma\/\",\"url\":\"http:\/\/www.itvagricola.es\/index.php\/solicitud-de-baja-en-roma\/\",\"name\":\"Solicitud de baja en ROMA - ITV agricola\",\"isPartOf\":{\"@id\":\"http:\/\/www.itvagricola.es\/#website\"},\"primaryImageOfPage\":{\"@id\":\"http:\/\/www.itvagricola.es\/index.php\/solicitud-de-baja-en-roma\/#primaryimage\"},\"image\":{\"@id\":\"http:\/\/www.itvagricola.es\/index.php\/solicitud-de-baja-en-roma\/#primaryimage\"},\"thumbnailUrl\":\"http:\/\/www.itvagricola.es\/wp-content\/uploads\/2023\/12\/ITV_agricola_08.jpg\",\"datePublished\":\"2023-12-10T20:00:04+00:00\",\"dateModified\":\"2023-12-10T20:00:05+00:00\",\"breadcrumb\":{\"@id\":\"http:\/\/www.itvagricola.es\/index.php\/solicitud-de-baja-en-roma\/#breadcrumb\"},\"inLanguage\":\"es\",\"potentialAction\":[{\"@type\":\"ReadAction\",\"target\":[\"http:\/\/www.itvagricola.es\/index.php\/solicitud-de-baja-en-roma\/\"]}]},{\"@type\":\"ImageObject\",\"inLanguage\":\"es\",\"@id\":\"http:\/\/www.itvagricola.es\/index.php\/solicitud-de-baja-en-roma\/#primaryimage\",\"url\":\"http:\/\/www.itvagricola.es\/wp-content\/uploads\/2023\/12\/ITV_agricola_08.jpg\",\"contentUrl\":\"http:\/\/www.itvagricola.es\/wp-content\/uploads\/2023\/12\/ITV_agricola_08.jpg\",\"width\":300,\"height\":198},{\"@type\":\"BreadcrumbList\",\"@id\":\"http:\/\/www.itvagricola.es\/index.php\/solicitud-de-baja-en-roma\/#breadcrumb\",\"itemListElement\":[{\"@type\":\"ListItem\",\"position\":1,\"name\":\"Portada\",\"item\":\"http:\/\/www.itvagricola.es\/\"},{\"@type\":\"ListItem\",\"position\":2,\"name\":\"Solicitud de baja en ROMA\"}]},{\"@type\":\"WebSite\",\"@id\":\"http:\/\/www.itvagricola.es\/#website\",\"url\":\"http:\/\/www.itvagricola.es\/\",\"name\":\"ITV agricola\",\"description\":\"ITEAF 1610: Castilla la Mancha, Arag\u00f3n, Madrid y Valencia.\",\"publisher\":{\"@id\":\"http:\/\/www.itvagricola.es\/#\/schema\/person\/dbad37a13afd623eb1a191ed7ca7de2f\"},\"potentialAction\":[{\"@type\":\"SearchAction\",\"target\":{\"@type\":\"EntryPoint\",\"urlTemplate\":\"http:\/\/www.itvagricola.es\/?s={search_term_string}\"},\"query-input\":{\"@type\":\"PropertyValueSpecification\",\"valueRequired\":true,\"valueName\":\"search_term_string\"}}],\"inLanguage\":\"es\"},{\"@type\":[\"Person\",\"Organization\"],\"@id\":\"http:\/\/www.itvagricola.es\/#\/schema\/person\/dbad37a13afd623eb1a191ed7ca7de2f\",\"name\":\"luisAntonio torres\",\"image\":{\"@type\":\"ImageObject\",\"inLanguage\":\"es\",\"@id\":\"http:\/\/www.itvagricola.es\/#\/schema\/person\/image\/\",\"url\":\"http:\/\/www.itvagricola.es\/wp-content\/uploads\/2023\/12\/cropped-logoITVagricola_01.jpg\",\"contentUrl\":\"http:\/\/www.itvagricola.es\/wp-content\/uploads\/2023\/12\/cropped-logoITVagricola_01.jpg\",\"width\":788,\"height\":315,\"caption\":\"luisAntonio torres\"},\"logo\":{\"@id\":\"http:\/\/www.itvagricola.es\/#\/schema\/person\/image\/\"},\"sameAs\":[\"https:\/\/www.itvagricola.es\/\",\"https:\/\/www.facebook.com\/profile.php?id=100067064354560&locale=es_ES\"]}]}<\/script>\n<!-- \/ Yoast SEO plugin. -->","yoast_head_json":{"title":"Solicitud de baja en ROMA - ITV agricola","robots":{"index":"index","follow":"follow","max-snippet":"max-snippet:-1","max-image-preview":"max-image-preview:large","max-video-preview":"max-video-preview:-1"},"canonical":"http:\/\/www.itvagricola.es\/index.php\/solicitud-de-baja-en-roma\/","og_locale":"es_ES","og_type":"article","og_title":"Solicitud de baja en ROMA - ITV agricola","og_description":"C\u00f3mo puedo presentar la solicitud de baja en ROMA Por Internet La solicitud de baja se podr\u00e1 presentar durante las 24 horas del d\u00eda los siete d\u00edas de la semana a trav\u00e9s de Internet. Para ello tendr\u00e1 que disponer de firma electr\u00f3nica. Se realizar\u00e1 a trav\u00e9s del formulario incluido en la p\u00e1gina Web de la [&hellip;]","og_url":"http:\/\/www.itvagricola.es\/index.php\/solicitud-de-baja-en-roma\/","og_site_name":"ITV agricola","article_publisher":"https:\/\/www.facebook.com\/profile.php?id=100067064354560&locale=es_ES","article_modified_time":"2023-12-10T20:00:05+00:00","og_image":[{"url":"http:\/\/www.itvagricola.es\/wp-content\/uploads\/2023\/12\/ITV_agricola_08.jpg","type":"","width":"","height":""}],"twitter_card":"summary_large_image","twitter_misc":{"Tiempo de lectura":"1 minuto"},"schema":{"@context":"https:\/\/schema.org","@graph":[{"@type":"WebPage","@id":"http:\/\/www.itvagricola.es\/index.php\/solicitud-de-baja-en-roma\/","url":"http:\/\/www.itvagricola.es\/index.php\/solicitud-de-baja-en-roma\/","name":"Solicitud de baja en ROMA - ITV agricola","isPartOf":{"@id":"http:\/\/www.itvagricola.es\/#website"},"primaryImageOfPage":{"@id":"http:\/\/www.itvagricola.es\/index.php\/solicitud-de-baja-en-roma\/#primaryimage"},"image":{"@id":"http:\/\/www.itvagricola.es\/index.php\/solicitud-de-baja-en-roma\/#primaryimage"},"thumbnailUrl":"http:\/\/www.itvagricola.es\/wp-content\/uploads\/2023\/12\/ITV_agricola_08.jpg","datePublished":"2023-12-10T20:00:04+00:00","dateModified":"2023-12-10T20:00:05+00:00","breadcrumb":{"@id":"http:\/\/www.itvagricola.es\/index.php\/solicitud-de-baja-en-roma\/#breadcrumb"},"inLanguage":"es","potentialAction":[{"@type":"ReadAction","target":["http:\/\/www.itvagricola.es\/index.php\/solicitud-de-baja-en-roma\/"]}]},{"@type":"ImageObject","inLanguage":"es","@id":"http:\/\/www.itvagricola.es\/index.php\/solicitud-de-baja-en-roma\/#primaryimage","url":"http:\/\/www.itvagricola.es\/wp-content\/uploads\/2023\/12\/ITV_agricola_08.jpg","contentUrl":"http:\/\/www.itvagricola.es\/wp-content\/uploads\/2023\/12\/ITV_agricola_08.jpg","width":300,"height":198},{"@type":"BreadcrumbList","@id":"http:\/\/www.itvagricola.es\/index.php\/solicitud-de-baja-en-roma\/#breadcrumb","itemListElement":[{"@type":"ListItem","position":1,"name":"Portada","item":"http:\/\/www.itvagricola.es\/"},{"@type":"ListItem","position":2,"name":"Solicitud de baja en ROMA"}]},{"@type":"WebSite","@id":"http:\/\/www.itvagricola.es\/#website","url":"http:\/\/www.itvagricola.es\/","name":"ITV agricola","description":"ITEAF 1610: Castilla la Mancha, Arag\u00f3n, Madrid y Valencia.","publisher":{"@id":"http:\/\/www.itvagricola.es\/#\/schema\/person\/dbad37a13afd623eb1a191ed7ca7de2f"},"potentialAction":[{"@type":"SearchAction","target":{"@type":"EntryPoint","urlTemplate":"http:\/\/www.itvagricola.es\/?s={search_term_string}"},"query-input":{"@type":"PropertyValueSpecification","valueRequired":true,"valueName":"search_term_string"}}],"inLanguage":"es"},{"@type":["Person","Organization"],"@id":"http:\/\/www.itvagricola.es\/#\/schema\/person\/dbad37a13afd623eb1a191ed7ca7de2f","name":"luisAntonio torres","image":{"@type":"ImageObject","inLanguage":"es","@id":"http:\/\/www.itvagricola.es\/#\/schema\/person\/image\/","url":"http:\/\/www.itvagricola.es\/wp-content\/uploads\/2023\/12\/cropped-logoITVagricola_01.jpg","contentUrl":"http:\/\/www.itvagricola.es\/wp-content\/uploads\/2023\/12\/cropped-logoITVagricola_01.jpg","width":788,"height":315,"caption":"luisAntonio torres"},"logo":{"@id":"http:\/\/www.itvagricola.es\/#\/schema\/person\/image\/"},"sameAs":["https:\/\/www.itvagricola.es\/","https:\/\/www.facebook.com\/profile.php?id=100067064354560&locale=es_ES"]}]}},"_links":{"self":[{"href":"http:\/\/www.itvagricola.es\/index.php\/wp-json\/wp\/v2\/pages\/56","targetHints":{"allow":["GET"]}}],"collection":[{"href":"http:\/\/www.itvagricola.es\/index.php\/wp-json\/wp\/v2\/pages"}],"about":[{"href":"http:\/\/www.itvagricola.es\/index.php\/wp-json\/wp\/v2\/types\/page"}],"author":[{"embeddable":true,"href":"http:\/\/www.itvagricola.es\/index.php\/wp-json\/wp\/v2\/users\/1"}],"replies":[{"embeddable":true,"href":"http:\/\/www.itvagricola.es\/index.php\/wp-json\/wp\/v2\/comments?post=56"}],"version-history":[{"count":0,"href":"http:\/\/www.itvagricola.es\/index.php\/wp-json\/wp\/v2\/pages\/56\/revisions"}],"wp:attachment":[{"href":"http:\/\/www.itvagricola.es\/index.php\/wp-json\/wp\/v2\/media?parent=56"}],"curies":[{"name":"wp","href":"https:\/\/api.w.org\/{rel}","templated":true}]}}