{"id":79,"date":"2023-12-10T20:21:47","date_gmt":"2023-12-10T20:21:47","guid":{"rendered":"https:\/\/www.itvagricola.es\/?page_id=79"},"modified":"2023-12-10T20:21:48","modified_gmt":"2023-12-10T20:21:48","slug":"app-para-android-pre-inspeccion-de-equipos-de-aplicaciones-fitosanitarias","status":"publish","type":"page","link":"http:\/\/www.itvagricola.es\/index.php\/app-para-android-pre-inspeccion-de-equipos-de-aplicaciones-fitosanitarias\/","title":{"rendered":"App para android: Pre Inspecci\u00f3n de equipos de aplicaciones fitosanitarias"},"content":{"rendered":"\n<h2 class=\"wp-block-heading\"><strong>Aplicaci\u00f3n para m\u00f3vil Android para pre inspecci\u00f3n de equipos de aplicaciones fitosanitarias.<\/strong><\/h2>\n\n\n\n<p>En la Universidad de Sevilla se ha desarrollado una aplicaci\u00f3n m\u00f3vil que permite al propietario de una m\u00e1quina de tratamiento fitosanitario hacer una pre inspecci\u00f3n de equipos de aplicaciones fitosanitarias (pre ITEAF) que aumente la probabilidad de \u00e9xito en una inspecci\u00f3n oficial para pasarla a la primera.<\/p>\n\n\n\n<p>La aplicaci\u00f3n es gratuita y funciona en Android. Enlace de descarga: <a href=\"https:\/\/play.google.com\/store\/apps\/details?id=com.us.grupopal.inspeccionapp\"><s>https:\/\/play.google.com\/store\/apps\/details?id=com.us.grupopal.inspeccionapp<\/s><\/a><\/p>\n\n\n\n<figure class=\"wp-block-image size-full\"><img loading=\"lazy\" decoding=\"async\" width=\"741\" height=\"465\" src=\"http:\/\/www.itvagricola.es\/wp-content\/uploads\/2023\/12\/ITV_agricola_20.jpg\" alt=\"\" class=\"wp-image-80\" srcset=\"http:\/\/www.itvagricola.es\/wp-content\/uploads\/2023\/12\/ITV_agricola_20.jpg 741w, http:\/\/www.itvagricola.es\/wp-content\/uploads\/2023\/12\/ITV_agricola_20-300x188.jpg 300w\" sizes=\"auto, (max-width: 741px) 100vw, 741px\" \/><\/figure>\n\n\n\n<h2 class=\"wp-block-heading\"><strong>Aplicaci\u00f3n chequeo previo pre inspecci\u00f3n equipos fitosanitarios<\/strong><\/h2>\n\n\n\n<p>Ante el desconocimiento por parte de los agricultores de cuales ser\u00e1n las partes a inspeccionar obligatoriamente en las inspecciones de equipos de tratamiento fitosanitario, el grupo<a href=\"http:\/\/grupo.us.es\/pal\"><s> PAL <\/s><\/a>en colaboraci\u00f3n con la C\u00e1tedra ADAMA de la Universidad de Sevilla&nbsp;&nbsp; crea una herramienta que permite realizar un chequeo previo NO VINCULANTE de aquellas partes de la m\u00e1quina que se revisar\u00e1n seg\u00fan los criterios del MAGRAMA (Ministerio de Agricultura, Alimentaci\u00f3n y Medio Ambiente), y generar\u00e1 un informe para USO EXCLUSIVAMENTE PERSONAL y SIN VALIDEZ OFICIAL en el que el usuario podr\u00e1 conocer que aspectos deber\u00e1 mejorar de su m\u00e1quina para que la inspecci\u00f3n oficial de su m\u00e1quina resulte favorable.<\/p>\n\n\n\n<p>Se trata de una herramienta visualmente atractiva, con botones y textos en tama\u00f1o grande, con las preguntas agrupadas por elementos a inspeccionar y con una pantalla de Informe que le da al usuario un veredicto inmediato.<\/p>\n\n\n\n<p>De las 48 preguntas requeridas para pre-inspeccionar el equipo, 42 de ellas, un 87,5%, pueden ser contestadas a partir de una simple inspecci\u00f3n visual, s\u00f3lo 6, un 12,5%, necesitan de instrumentaci\u00f3n especializada para llevar a cabo medidas y poder contestar las preguntas con plena seguridad (ej. caudales y presiones en boquillas).<\/p>\n\n\n\n<h2 class=\"wp-block-heading\"><strong>Informe generado<\/strong><\/h2>\n\n\n\n<p>La aplicaci\u00f3n genera un informe que no tiene ning\u00fan tipo de validez oficial. Los autores de la aplicaci\u00f3n no se responsabilizan del uso incorrecto de la aplicaci\u00f3n.<\/p>\n\n\n\n<h2 class=\"wp-block-heading\"><strong>Video demostrativo de la aplicaci\u00f3n pre inspecci\u00f3n de equipos de aplicaciones fitosanitarias.<\/strong><\/h2>\n\n\n\n<p>En este video podeis ver una demo de la aplicaci\u00f3n&nbsp; de pre inspecci\u00f3n de equipos de aplicaciones fitosanitarias.<\/p>\n\n\n\n<p>&nbsp;En la ITEAF <a href=\"http:\/\/www.itvagricola.es\/\">ITV agr\u00edcola<\/a> nos gustar\u00eda que nos comentarais que os parece esta aplicaci\u00f3n m\u00f3vil y los problemas que encontr\u00e9is a la hora de ejecutarla.<\/p>\n","protected":false},"excerpt":{"rendered":"<p>Aplicaci\u00f3n para m\u00f3vil Android para pre inspecci\u00f3n de equipos de aplicaciones fitosanitarias. En la Universidad de Sevilla se ha desarrollado una aplicaci\u00f3n m\u00f3vil que permite al propietario de una m\u00e1quina de tratamiento fitosanitario hacer una pre inspecci\u00f3n de equipos de aplicaciones fitosanitarias (pre ITEAF) que aumente la probabilidad de \u00e9xito en una inspecci\u00f3n oficial para [&hellip;]<\/p>\n","protected":false},"author":1,"featured_media":0,"parent":0,"menu_order":0,"comment_status":"closed","ping_status":"closed","template":"","meta":{"footnotes":""},"class_list":["post-79","page","type-page","status-publish","czr-hentry"],"yoast_head":"<!-- This site is optimized with the Yoast SEO plugin v26.6 - https:\/\/yoast.com\/wordpress\/plugins\/seo\/ -->\n<title>App para android: Pre Inspecci\u00f3n de equipos de aplicaciones fitosanitarias - ITV agricola<\/title>\n<meta name=\"robots\" content=\"index, follow, max-snippet:-1, max-image-preview:large, max-video-preview:-1\" \/>\n<link rel=\"canonical\" href=\"http:\/\/www.itvagricola.es\/index.php\/app-para-android-pre-inspeccion-de-equipos-de-aplicaciones-fitosanitarias\/\" \/>\n<meta property=\"og:locale\" content=\"es_ES\" \/>\n<meta property=\"og:type\" content=\"article\" \/>\n<meta property=\"og:title\" content=\"App para android: Pre Inspecci\u00f3n de equipos de aplicaciones fitosanitarias - ITV agricola\" \/>\n<meta property=\"og:description\" content=\"Aplicaci\u00f3n para m\u00f3vil Android para pre inspecci\u00f3n de equipos de aplicaciones fitosanitarias. En la Universidad de Sevilla se ha desarrollado una aplicaci\u00f3n m\u00f3vil que permite al propietario de una m\u00e1quina de tratamiento fitosanitario hacer una pre inspecci\u00f3n de equipos de aplicaciones fitosanitarias (pre ITEAF) que aumente la probabilidad de \u00e9xito en una inspecci\u00f3n oficial para [&hellip;]\" \/>\n<meta property=\"og:url\" content=\"http:\/\/www.itvagricola.es\/index.php\/app-para-android-pre-inspeccion-de-equipos-de-aplicaciones-fitosanitarias\/\" \/>\n<meta property=\"og:site_name\" content=\"ITV agricola\" \/>\n<meta property=\"article:publisher\" content=\"https:\/\/www.facebook.com\/profile.php?id=100067064354560&amp;locale=es_ES\" \/>\n<meta property=\"article:modified_time\" content=\"2023-12-10T20:21:48+00:00\" \/>\n<meta property=\"og:image\" content=\"http:\/\/www.itvagricola.es\/wp-content\/uploads\/2023\/12\/ITV_agricola_20.jpg\" \/>\n<meta name=\"twitter:card\" content=\"summary_large_image\" \/>\n<meta name=\"twitter:label1\" content=\"Tiempo de lectura\" \/>\n\t<meta name=\"twitter:data1\" content=\"2 minutos\" \/>\n<script type=\"application\/ld+json\" class=\"yoast-schema-graph\">{\"@context\":\"https:\/\/schema.org\",\"@graph\":[{\"@type\":\"WebPage\",\"@id\":\"http:\/\/www.itvagricola.es\/index.php\/app-para-android-pre-inspeccion-de-equipos-de-aplicaciones-fitosanitarias\/\",\"url\":\"http:\/\/www.itvagricola.es\/index.php\/app-para-android-pre-inspeccion-de-equipos-de-aplicaciones-fitosanitarias\/\",\"name\":\"App para android: Pre Inspecci\u00f3n de equipos de aplicaciones fitosanitarias - ITV agricola\",\"isPartOf\":{\"@id\":\"http:\/\/www.itvagricola.es\/#website\"},\"primaryImageOfPage\":{\"@id\":\"http:\/\/www.itvagricola.es\/index.php\/app-para-android-pre-inspeccion-de-equipos-de-aplicaciones-fitosanitarias\/#primaryimage\"},\"image\":{\"@id\":\"http:\/\/www.itvagricola.es\/index.php\/app-para-android-pre-inspeccion-de-equipos-de-aplicaciones-fitosanitarias\/#primaryimage\"},\"thumbnailUrl\":\"http:\/\/www.itvagricola.es\/wp-content\/uploads\/2023\/12\/ITV_agricola_20.jpg\",\"datePublished\":\"2023-12-10T20:21:47+00:00\",\"dateModified\":\"2023-12-10T20:21:48+00:00\",\"breadcrumb\":{\"@id\":\"http:\/\/www.itvagricola.es\/index.php\/app-para-android-pre-inspeccion-de-equipos-de-aplicaciones-fitosanitarias\/#breadcrumb\"},\"inLanguage\":\"es\",\"potentialAction\":[{\"@type\":\"ReadAction\",\"target\":[\"http:\/\/www.itvagricola.es\/index.php\/app-para-android-pre-inspeccion-de-equipos-de-aplicaciones-fitosanitarias\/\"]}]},{\"@type\":\"ImageObject\",\"inLanguage\":\"es\",\"@id\":\"http:\/\/www.itvagricola.es\/index.php\/app-para-android-pre-inspeccion-de-equipos-de-aplicaciones-fitosanitarias\/#primaryimage\",\"url\":\"http:\/\/www.itvagricola.es\/wp-content\/uploads\/2023\/12\/ITV_agricola_20.jpg\",\"contentUrl\":\"http:\/\/www.itvagricola.es\/wp-content\/uploads\/2023\/12\/ITV_agricola_20.jpg\",\"width\":741,\"height\":465},{\"@type\":\"BreadcrumbList\",\"@id\":\"http:\/\/www.itvagricola.es\/index.php\/app-para-android-pre-inspeccion-de-equipos-de-aplicaciones-fitosanitarias\/#breadcrumb\",\"itemListElement\":[{\"@type\":\"ListItem\",\"position\":1,\"name\":\"Portada\",\"item\":\"http:\/\/www.itvagricola.es\/\"},{\"@type\":\"ListItem\",\"position\":2,\"name\":\"App para android: Pre Inspecci\u00f3n de equipos de aplicaciones fitosanitarias\"}]},{\"@type\":\"WebSite\",\"@id\":\"http:\/\/www.itvagricola.es\/#website\",\"url\":\"http:\/\/www.itvagricola.es\/\",\"name\":\"ITV agricola\",\"description\":\"ITEAF 1610: Castilla la Mancha, Arag\u00f3n, Madrid y Valencia.\",\"publisher\":{\"@id\":\"http:\/\/www.itvagricola.es\/#\/schema\/person\/dbad37a13afd623eb1a191ed7ca7de2f\"},\"potentialAction\":[{\"@type\":\"SearchAction\",\"target\":{\"@type\":\"EntryPoint\",\"urlTemplate\":\"http:\/\/www.itvagricola.es\/?s={search_term_string}\"},\"query-input\":{\"@type\":\"PropertyValueSpecification\",\"valueRequired\":true,\"valueName\":\"search_term_string\"}}],\"inLanguage\":\"es\"},{\"@type\":[\"Person\",\"Organization\"],\"@id\":\"http:\/\/www.itvagricola.es\/#\/schema\/person\/dbad37a13afd623eb1a191ed7ca7de2f\",\"name\":\"luisAntonio torres\",\"image\":{\"@type\":\"ImageObject\",\"inLanguage\":\"es\",\"@id\":\"http:\/\/www.itvagricola.es\/#\/schema\/person\/image\/\",\"url\":\"http:\/\/www.itvagricola.es\/wp-content\/uploads\/2023\/12\/cropped-logoITVagricola_01.jpg\",\"contentUrl\":\"http:\/\/www.itvagricola.es\/wp-content\/uploads\/2023\/12\/cropped-logoITVagricola_01.jpg\",\"width\":788,\"height\":315,\"caption\":\"luisAntonio torres\"},\"logo\":{\"@id\":\"http:\/\/www.itvagricola.es\/#\/schema\/person\/image\/\"},\"sameAs\":[\"https:\/\/www.itvagricola.es\/\",\"https:\/\/www.facebook.com\/profile.php?id=100067064354560&locale=es_ES\"]}]}<\/script>\n<!-- \/ Yoast SEO plugin. -->","yoast_head_json":{"title":"App para android: Pre Inspecci\u00f3n de equipos de aplicaciones fitosanitarias - ITV agricola","robots":{"index":"index","follow":"follow","max-snippet":"max-snippet:-1","max-image-preview":"max-image-preview:large","max-video-preview":"max-video-preview:-1"},"canonical":"http:\/\/www.itvagricola.es\/index.php\/app-para-android-pre-inspeccion-de-equipos-de-aplicaciones-fitosanitarias\/","og_locale":"es_ES","og_type":"article","og_title":"App para android: Pre Inspecci\u00f3n de equipos de aplicaciones fitosanitarias - ITV agricola","og_description":"Aplicaci\u00f3n para m\u00f3vil Android para pre inspecci\u00f3n de equipos de aplicaciones fitosanitarias. En la Universidad de Sevilla se ha desarrollado una aplicaci\u00f3n m\u00f3vil que permite al propietario de una m\u00e1quina de tratamiento fitosanitario hacer una pre inspecci\u00f3n de equipos de aplicaciones fitosanitarias (pre ITEAF) que aumente la probabilidad de \u00e9xito en una inspecci\u00f3n oficial para [&hellip;]","og_url":"http:\/\/www.itvagricola.es\/index.php\/app-para-android-pre-inspeccion-de-equipos-de-aplicaciones-fitosanitarias\/","og_site_name":"ITV agricola","article_publisher":"https:\/\/www.facebook.com\/profile.php?id=100067064354560&locale=es_ES","article_modified_time":"2023-12-10T20:21:48+00:00","og_image":[{"url":"http:\/\/www.itvagricola.es\/wp-content\/uploads\/2023\/12\/ITV_agricola_20.jpg","type":"","width":"","height":""}],"twitter_card":"summary_large_image","twitter_misc":{"Tiempo de lectura":"2 minutos"},"schema":{"@context":"https:\/\/schema.org","@graph":[{"@type":"WebPage","@id":"http:\/\/www.itvagricola.es\/index.php\/app-para-android-pre-inspeccion-de-equipos-de-aplicaciones-fitosanitarias\/","url":"http:\/\/www.itvagricola.es\/index.php\/app-para-android-pre-inspeccion-de-equipos-de-aplicaciones-fitosanitarias\/","name":"App para android: Pre Inspecci\u00f3n de equipos de aplicaciones fitosanitarias - ITV agricola","isPartOf":{"@id":"http:\/\/www.itvagricola.es\/#website"},"primaryImageOfPage":{"@id":"http:\/\/www.itvagricola.es\/index.php\/app-para-android-pre-inspeccion-de-equipos-de-aplicaciones-fitosanitarias\/#primaryimage"},"image":{"@id":"http:\/\/www.itvagricola.es\/index.php\/app-para-android-pre-inspeccion-de-equipos-de-aplicaciones-fitosanitarias\/#primaryimage"},"thumbnailUrl":"http:\/\/www.itvagricola.es\/wp-content\/uploads\/2023\/12\/ITV_agricola_20.jpg","datePublished":"2023-12-10T20:21:47+00:00","dateModified":"2023-12-10T20:21:48+00:00","breadcrumb":{"@id":"http:\/\/www.itvagricola.es\/index.php\/app-para-android-pre-inspeccion-de-equipos-de-aplicaciones-fitosanitarias\/#breadcrumb"},"inLanguage":"es","potentialAction":[{"@type":"ReadAction","target":["http:\/\/www.itvagricola.es\/index.php\/app-para-android-pre-inspeccion-de-equipos-de-aplicaciones-fitosanitarias\/"]}]},{"@type":"ImageObject","inLanguage":"es","@id":"http:\/\/www.itvagricola.es\/index.php\/app-para-android-pre-inspeccion-de-equipos-de-aplicaciones-fitosanitarias\/#primaryimage","url":"http:\/\/www.itvagricola.es\/wp-content\/uploads\/2023\/12\/ITV_agricola_20.jpg","contentUrl":"http:\/\/www.itvagricola.es\/wp-content\/uploads\/2023\/12\/ITV_agricola_20.jpg","width":741,"height":465},{"@type":"BreadcrumbList","@id":"http:\/\/www.itvagricola.es\/index.php\/app-para-android-pre-inspeccion-de-equipos-de-aplicaciones-fitosanitarias\/#breadcrumb","itemListElement":[{"@type":"ListItem","position":1,"name":"Portada","item":"http:\/\/www.itvagricola.es\/"},{"@type":"ListItem","position":2,"name":"App para android: Pre Inspecci\u00f3n de equipos de aplicaciones fitosanitarias"}]},{"@type":"WebSite","@id":"http:\/\/www.itvagricola.es\/#website","url":"http:\/\/www.itvagricola.es\/","name":"ITV agricola","description":"ITEAF 1610: Castilla la Mancha, Arag\u00f3n, Madrid y Valencia.","publisher":{"@id":"http:\/\/www.itvagricola.es\/#\/schema\/person\/dbad37a13afd623eb1a191ed7ca7de2f"},"potentialAction":[{"@type":"SearchAction","target":{"@type":"EntryPoint","urlTemplate":"http:\/\/www.itvagricola.es\/?s={search_term_string}"},"query-input":{"@type":"PropertyValueSpecification","valueRequired":true,"valueName":"search_term_string"}}],"inLanguage":"es"},{"@type":["Person","Organization"],"@id":"http:\/\/www.itvagricola.es\/#\/schema\/person\/dbad37a13afd623eb1a191ed7ca7de2f","name":"luisAntonio torres","image":{"@type":"ImageObject","inLanguage":"es","@id":"http:\/\/www.itvagricola.es\/#\/schema\/person\/image\/","url":"http:\/\/www.itvagricola.es\/wp-content\/uploads\/2023\/12\/cropped-logoITVagricola_01.jpg","contentUrl":"http:\/\/www.itvagricola.es\/wp-content\/uploads\/2023\/12\/cropped-logoITVagricola_01.jpg","width":788,"height":315,"caption":"luisAntonio torres"},"logo":{"@id":"http:\/\/www.itvagricola.es\/#\/schema\/person\/image\/"},"sameAs":["https:\/\/www.itvagricola.es\/","https:\/\/www.facebook.com\/profile.php?id=100067064354560&locale=es_ES"]}]}},"_links":{"self":[{"href":"http:\/\/www.itvagricola.es\/index.php\/wp-json\/wp\/v2\/pages\/79","targetHints":{"allow":["GET"]}}],"collection":[{"href":"http:\/\/www.itvagricola.es\/index.php\/wp-json\/wp\/v2\/pages"}],"about":[{"href":"http:\/\/www.itvagricola.es\/index.php\/wp-json\/wp\/v2\/types\/page"}],"author":[{"embeddable":true,"href":"http:\/\/www.itvagricola.es\/index.php\/wp-json\/wp\/v2\/users\/1"}],"replies":[{"embeddable":true,"href":"http:\/\/www.itvagricola.es\/index.php\/wp-json\/wp\/v2\/comments?post=79"}],"version-history":[{"count":0,"href":"http:\/\/www.itvagricola.es\/index.php\/wp-json\/wp\/v2\/pages\/79\/revisions"}],"wp:attachment":[{"href":"http:\/\/www.itvagricola.es\/index.php\/wp-json\/wp\/v2\/media?parent=79"}],"curies":[{"name":"wp","href":"https:\/\/api.w.org\/{rel}","templated":true}]}}