{"id":104,"date":"2023-12-10T20:38:18","date_gmt":"2023-12-10T20:38:18","guid":{"rendered":"https:\/\/www.itvagricola.es\/?page_id=104"},"modified":"2023-12-10T20:38:19","modified_gmt":"2023-12-10T20:38:19","slug":"orden-de-23-02-2015","status":"publish","type":"page","link":"https:\/\/www.itvagricola.es\/index.php\/orden-de-23-02-2015\/","title":{"rendered":"Orden de 23\/02\/2015"},"content":{"rendered":"\n<figure class=\"wp-block-image size-full\"><img loading=\"lazy\" decoding=\"async\" width=\"970\" height=\"694\" src=\"http:\/\/www.itvagricola.es\/wp-content\/uploads\/2023\/12\/ITV_agricola_28.jpg\" alt=\"\" class=\"wp-image-105\" srcset=\"https:\/\/www.itvagricola.es\/wp-content\/uploads\/2023\/12\/ITV_agricola_28.jpg 970w, https:\/\/www.itvagricola.es\/wp-content\/uploads\/2023\/12\/ITV_agricola_28-300x215.jpg 300w, https:\/\/www.itvagricola.es\/wp-content\/uploads\/2023\/12\/ITV_agricola_28-768x549.jpg 768w\" sizes=\"auto, (max-width: 970px) 100vw, 970px\" \/><\/figure>\n\n\n\n<h2 class=\"wp-block-heading\"><strong>Orden de 23\/02\/2015, de la Consejer\u00eda de Agricultura de Castilla la Mancha<\/strong><\/h2>\n\n\n\n<p>Por la que se desarrolla la regulaci\u00f3n de las inspecciones peri\u00f3dicas de los equipos de aplicaci\u00f3n de productos fitosanitarios y se crea el Registro de las Estaciones de Inspecci\u00f3n T\u00e9cnica de Equipos de Aplicaci\u00f3n de Fitosanitarios de Castilla-La Mancha. [gview file=\u00bbhttp:\/\/www.itvagricola.es\/wp-content\/uploads\/2016\/03\/orden-23-02-2015-ITEAF.pdf\u00bb height=\u00bb800px\u00bb width<\/p>\n","protected":false},"excerpt":{"rendered":"<p>Orden de 23\/02\/2015, de la Consejer\u00eda de Agricultura de Castilla la Mancha Por la que se desarrolla la regulaci\u00f3n de las inspecciones peri\u00f3dicas de los equipos de aplicaci\u00f3n de productos fitosanitarios y se crea el Registro de las Estaciones de Inspecci\u00f3n T\u00e9cnica de Equipos de Aplicaci\u00f3n de Fitosanitarios de Castilla-La Mancha. [gview file=\u00bbhttp:\/\/www.itvagricola.es\/wp-content\/uploads\/2016\/03\/orden-23-02-2015-ITEAF.pdf\u00bb height=\u00bb800px\u00bb width<\/p>\n","protected":false},"author":1,"featured_media":0,"parent":0,"menu_order":0,"comment_status":"closed","ping_status":"closed","template":"","meta":{"footnotes":""},"class_list":["post-104","page","type-page","status-publish","czr-hentry"],"yoast_head":"<!-- This site is optimized with the Yoast SEO plugin v26.6 - https:\/\/yoast.com\/wordpress\/plugins\/seo\/ -->\n<title>Orden de 23\/02\/2015 - ITV agricola<\/title>\n<meta name=\"robots\" content=\"index, follow, max-snippet:-1, max-image-preview:large, max-video-preview:-1\" \/>\n<link rel=\"canonical\" href=\"https:\/\/www.itvagricola.es\/index.php\/orden-de-23-02-2015\/\" \/>\n<meta property=\"og:locale\" content=\"es_ES\" \/>\n<meta property=\"og:type\" content=\"article\" \/>\n<meta property=\"og:title\" content=\"Orden de 23\/02\/2015 - ITV agricola\" \/>\n<meta property=\"og:description\" content=\"Orden de 23\/02\/2015, de la Consejer\u00eda de Agricultura de Castilla la Mancha Por la que se desarrolla la regulaci\u00f3n de las inspecciones peri\u00f3dicas de los equipos de aplicaci\u00f3n de productos fitosanitarios y se crea el Registro de las Estaciones de Inspecci\u00f3n T\u00e9cnica de Equipos de Aplicaci\u00f3n de Fitosanitarios de Castilla-La Mancha. [gview file=\u00bbhttp:\/\/www.itvagricola.es\/wp-content\/uploads\/2016\/03\/orden-23-02-2015-ITEAF.pdf\u00bb height=\u00bb800px\u00bb width\" \/>\n<meta property=\"og:url\" content=\"https:\/\/www.itvagricola.es\/index.php\/orden-de-23-02-2015\/\" \/>\n<meta property=\"og:site_name\" content=\"ITV agricola\" \/>\n<meta property=\"article:publisher\" content=\"https:\/\/www.facebook.com\/profile.php?id=100067064354560&amp;locale=es_ES\" \/>\n<meta property=\"article:modified_time\" content=\"2023-12-10T20:38:19+00:00\" \/>\n<meta property=\"og:image\" content=\"http:\/\/www.itvagricola.es\/wp-content\/uploads\/2023\/12\/ITV_agricola_28.jpg\" \/>\n<meta name=\"twitter:card\" content=\"summary_large_image\" \/>\n<script type=\"application\/ld+json\" class=\"yoast-schema-graph\">{\"@context\":\"https:\/\/schema.org\",\"@graph\":[{\"@type\":\"WebPage\",\"@id\":\"https:\/\/www.itvagricola.es\/index.php\/orden-de-23-02-2015\/\",\"url\":\"https:\/\/www.itvagricola.es\/index.php\/orden-de-23-02-2015\/\",\"name\":\"Orden de 23\/02\/2015 - ITV agricola\",\"isPartOf\":{\"@id\":\"http:\/\/www.itvagricola.es\/#website\"},\"primaryImageOfPage\":{\"@id\":\"https:\/\/www.itvagricola.es\/index.php\/orden-de-23-02-2015\/#primaryimage\"},\"image\":{\"@id\":\"https:\/\/www.itvagricola.es\/index.php\/orden-de-23-02-2015\/#primaryimage\"},\"thumbnailUrl\":\"http:\/\/www.itvagricola.es\/wp-content\/uploads\/2023\/12\/ITV_agricola_28.jpg\",\"datePublished\":\"2023-12-10T20:38:18+00:00\",\"dateModified\":\"2023-12-10T20:38:19+00:00\",\"breadcrumb\":{\"@id\":\"https:\/\/www.itvagricola.es\/index.php\/orden-de-23-02-2015\/#breadcrumb\"},\"inLanguage\":\"es\",\"potentialAction\":[{\"@type\":\"ReadAction\",\"target\":[\"https:\/\/www.itvagricola.es\/index.php\/orden-de-23-02-2015\/\"]}]},{\"@type\":\"ImageObject\",\"inLanguage\":\"es\",\"@id\":\"https:\/\/www.itvagricola.es\/index.php\/orden-de-23-02-2015\/#primaryimage\",\"url\":\"https:\/\/www.itvagricola.es\/wp-content\/uploads\/2023\/12\/ITV_agricola_28.jpg\",\"contentUrl\":\"https:\/\/www.itvagricola.es\/wp-content\/uploads\/2023\/12\/ITV_agricola_28.jpg\",\"width\":970,\"height\":694},{\"@type\":\"BreadcrumbList\",\"@id\":\"https:\/\/www.itvagricola.es\/index.php\/orden-de-23-02-2015\/#breadcrumb\",\"itemListElement\":[{\"@type\":\"ListItem\",\"position\":1,\"name\":\"Portada\",\"item\":\"http:\/\/www.itvagricola.es\/\"},{\"@type\":\"ListItem\",\"position\":2,\"name\":\"Orden de 23\/02\/2015\"}]},{\"@type\":\"WebSite\",\"@id\":\"http:\/\/www.itvagricola.es\/#website\",\"url\":\"http:\/\/www.itvagricola.es\/\",\"name\":\"ITV agricola\",\"description\":\"ITEAF 1610: Castilla la Mancha, Arag\u00f3n, Madrid y Valencia.\",\"publisher\":{\"@id\":\"http:\/\/www.itvagricola.es\/#\/schema\/person\/dbad37a13afd623eb1a191ed7ca7de2f\"},\"potentialAction\":[{\"@type\":\"SearchAction\",\"target\":{\"@type\":\"EntryPoint\",\"urlTemplate\":\"http:\/\/www.itvagricola.es\/?s={search_term_string}\"},\"query-input\":{\"@type\":\"PropertyValueSpecification\",\"valueRequired\":true,\"valueName\":\"search_term_string\"}}],\"inLanguage\":\"es\"},{\"@type\":[\"Person\",\"Organization\"],\"@id\":\"http:\/\/www.itvagricola.es\/#\/schema\/person\/dbad37a13afd623eb1a191ed7ca7de2f\",\"name\":\"luisAntonio torres\",\"image\":{\"@type\":\"ImageObject\",\"inLanguage\":\"es\",\"@id\":\"http:\/\/www.itvagricola.es\/#\/schema\/person\/image\/\",\"url\":\"https:\/\/www.itvagricola.es\/wp-content\/uploads\/2023\/12\/cropped-logoITVagricola_01.jpg\",\"contentUrl\":\"https:\/\/www.itvagricola.es\/wp-content\/uploads\/2023\/12\/cropped-logoITVagricola_01.jpg\",\"width\":788,\"height\":315,\"caption\":\"luisAntonio torres\"},\"logo\":{\"@id\":\"http:\/\/www.itvagricola.es\/#\/schema\/person\/image\/\"},\"sameAs\":[\"https:\/\/www.itvagricola.es\/\",\"https:\/\/www.facebook.com\/profile.php?id=100067064354560&locale=es_ES\"]}]}<\/script>\n<!-- \/ Yoast SEO plugin. -->","yoast_head_json":{"title":"Orden de 23\/02\/2015 - ITV agricola","robots":{"index":"index","follow":"follow","max-snippet":"max-snippet:-1","max-image-preview":"max-image-preview:large","max-video-preview":"max-video-preview:-1"},"canonical":"https:\/\/www.itvagricola.es\/index.php\/orden-de-23-02-2015\/","og_locale":"es_ES","og_type":"article","og_title":"Orden de 23\/02\/2015 - ITV agricola","og_description":"Orden de 23\/02\/2015, de la Consejer\u00eda de Agricultura de Castilla la Mancha Por la que se desarrolla la regulaci\u00f3n de las inspecciones peri\u00f3dicas de los equipos de aplicaci\u00f3n de productos fitosanitarios y se crea el Registro de las Estaciones de Inspecci\u00f3n T\u00e9cnica de Equipos de Aplicaci\u00f3n de Fitosanitarios de Castilla-La Mancha. [gview file=\u00bbhttp:\/\/www.itvagricola.es\/wp-content\/uploads\/2016\/03\/orden-23-02-2015-ITEAF.pdf\u00bb height=\u00bb800px\u00bb width","og_url":"https:\/\/www.itvagricola.es\/index.php\/orden-de-23-02-2015\/","og_site_name":"ITV agricola","article_publisher":"https:\/\/www.facebook.com\/profile.php?id=100067064354560&locale=es_ES","article_modified_time":"2023-12-10T20:38:19+00:00","og_image":[{"url":"http:\/\/www.itvagricola.es\/wp-content\/uploads\/2023\/12\/ITV_agricola_28.jpg","type":"","width":"","height":""}],"twitter_card":"summary_large_image","schema":{"@context":"https:\/\/schema.org","@graph":[{"@type":"WebPage","@id":"https:\/\/www.itvagricola.es\/index.php\/orden-de-23-02-2015\/","url":"https:\/\/www.itvagricola.es\/index.php\/orden-de-23-02-2015\/","name":"Orden de 23\/02\/2015 - ITV agricola","isPartOf":{"@id":"http:\/\/www.itvagricola.es\/#website"},"primaryImageOfPage":{"@id":"https:\/\/www.itvagricola.es\/index.php\/orden-de-23-02-2015\/#primaryimage"},"image":{"@id":"https:\/\/www.itvagricola.es\/index.php\/orden-de-23-02-2015\/#primaryimage"},"thumbnailUrl":"http:\/\/www.itvagricola.es\/wp-content\/uploads\/2023\/12\/ITV_agricola_28.jpg","datePublished":"2023-12-10T20:38:18+00:00","dateModified":"2023-12-10T20:38:19+00:00","breadcrumb":{"@id":"https:\/\/www.itvagricola.es\/index.php\/orden-de-23-02-2015\/#breadcrumb"},"inLanguage":"es","potentialAction":[{"@type":"ReadAction","target":["https:\/\/www.itvagricola.es\/index.php\/orden-de-23-02-2015\/"]}]},{"@type":"ImageObject","inLanguage":"es","@id":"https:\/\/www.itvagricola.es\/index.php\/orden-de-23-02-2015\/#primaryimage","url":"https:\/\/www.itvagricola.es\/wp-content\/uploads\/2023\/12\/ITV_agricola_28.jpg","contentUrl":"https:\/\/www.itvagricola.es\/wp-content\/uploads\/2023\/12\/ITV_agricola_28.jpg","width":970,"height":694},{"@type":"BreadcrumbList","@id":"https:\/\/www.itvagricola.es\/index.php\/orden-de-23-02-2015\/#breadcrumb","itemListElement":[{"@type":"ListItem","position":1,"name":"Portada","item":"http:\/\/www.itvagricola.es\/"},{"@type":"ListItem","position":2,"name":"Orden de 23\/02\/2015"}]},{"@type":"WebSite","@id":"http:\/\/www.itvagricola.es\/#website","url":"http:\/\/www.itvagricola.es\/","name":"ITV agricola","description":"ITEAF 1610: Castilla la Mancha, Arag\u00f3n, Madrid y Valencia.","publisher":{"@id":"http:\/\/www.itvagricola.es\/#\/schema\/person\/dbad37a13afd623eb1a191ed7ca7de2f"},"potentialAction":[{"@type":"SearchAction","target":{"@type":"EntryPoint","urlTemplate":"http:\/\/www.itvagricola.es\/?s={search_term_string}"},"query-input":{"@type":"PropertyValueSpecification","valueRequired":true,"valueName":"search_term_string"}}],"inLanguage":"es"},{"@type":["Person","Organization"],"@id":"http:\/\/www.itvagricola.es\/#\/schema\/person\/dbad37a13afd623eb1a191ed7ca7de2f","name":"luisAntonio torres","image":{"@type":"ImageObject","inLanguage":"es","@id":"http:\/\/www.itvagricola.es\/#\/schema\/person\/image\/","url":"https:\/\/www.itvagricola.es\/wp-content\/uploads\/2023\/12\/cropped-logoITVagricola_01.jpg","contentUrl":"https:\/\/www.itvagricola.es\/wp-content\/uploads\/2023\/12\/cropped-logoITVagricola_01.jpg","width":788,"height":315,"caption":"luisAntonio torres"},"logo":{"@id":"http:\/\/www.itvagricola.es\/#\/schema\/person\/image\/"},"sameAs":["https:\/\/www.itvagricola.es\/","https:\/\/www.facebook.com\/profile.php?id=100067064354560&locale=es_ES"]}]}},"_links":{"self":[{"href":"https:\/\/www.itvagricola.es\/index.php\/wp-json\/wp\/v2\/pages\/104","targetHints":{"allow":["GET"]}}],"collection":[{"href":"https:\/\/www.itvagricola.es\/index.php\/wp-json\/wp\/v2\/pages"}],"about":[{"href":"https:\/\/www.itvagricola.es\/index.php\/wp-json\/wp\/v2\/types\/page"}],"author":[{"embeddable":true,"href":"https:\/\/www.itvagricola.es\/index.php\/wp-json\/wp\/v2\/users\/1"}],"replies":[{"embeddable":true,"href":"https:\/\/www.itvagricola.es\/index.php\/wp-json\/wp\/v2\/comments?post=104"}],"version-history":[{"count":0,"href":"https:\/\/www.itvagricola.es\/index.php\/wp-json\/wp\/v2\/pages\/104\/revisions"}],"wp:attachment":[{"href":"https:\/\/www.itvagricola.es\/index.php\/wp-json\/wp\/v2\/media?parent=104"}],"curies":[{"name":"wp","href":"https:\/\/api.w.org\/{rel}","templated":true}]}}