{"id":39,"date":"2023-12-10T19:06:55","date_gmt":"2023-12-10T19:06:55","guid":{"rendered":"https:\/\/www.itvagricola.es\/?page_id=39"},"modified":"2023-12-10T19:06:56","modified_gmt":"2023-12-10T19:06:56","slug":"resultado-inspeccion","status":"publish","type":"page","link":"https:\/\/www.itvagricola.es\/index.php\/resultado-inspeccion\/","title":{"rendered":"RESULTADO INSPECCI\u00d3N"},"content":{"rendered":"<div class=\"wp-block-image\">\n<figure class=\"aligncenter size-full is-resized\"><img loading=\"lazy\" decoding=\"async\" width=\"576\" height=\"240\" src=\"http:\/\/www.itvagricola.es\/wp-content\/uploads\/2023\/12\/ITV_agricola_06.jpg\" alt=\"\" class=\"wp-image-37\" style=\"width:904px;height:auto\" srcset=\"https:\/\/www.itvagricola.es\/wp-content\/uploads\/2023\/12\/ITV_agricola_06.jpg 576w, https:\/\/www.itvagricola.es\/wp-content\/uploads\/2023\/12\/ITV_agricola_06-300x125.jpg 300w\" sizes=\"auto, (max-width: 576px) 100vw, 576px\" \/><\/figure>\n<\/div>\n\n\n<p>La aplicaci\u00f3n de la Norma UNE-EN 13790 1\/2 para la inspecci\u00f3n de los equipos fitosanitarios conduce a la evaluaci\u00f3n de los distintos elementos del pulverizador en 3 categor\u00edas:<\/p>\n\n\n\n<h2 class=\"wp-block-heading\"><strong>SIN DEFECTO<\/strong><\/h2>\n\n\n\n<p>Un equipo obtendr\u00e1 la clasificaci\u00f3n de INSPECCI\u00d3N FAVORABLE cuando de la aplicaci\u00f3n del proceso establecido por la norma UNE-EN, anteriormente citada, no se produzca ning\u00fan defecto.<\/p>\n\n\n\n<h2 class=\"wp-block-heading\"><strong><strong>DEFECTO GRAVE<\/strong><\/strong><\/h2>\n\n\n\n<p>La aparici\u00f3n de uno o varios defectos graves dar\u00e1 lugar a una INSPECCI\u00d3N DESFAVORABLE, y el equipo deber\u00e1 de volver a pasar la inspecci\u00f3n en un plazo m\u00e1ximo de 30 d\u00edas.<\/p>\n\n\n\n<h2 class=\"wp-block-heading\"><strong>RESULTADO INSPECCI\u00d3N FAVORABLE<\/strong><\/h2>\n\n\n\n<p>En el caso de que el resultado sea INSPECCI\u00d3N FAVORABLE, se le entregar\u00e1 el correspondiente informe de inspecci\u00f3n, el certificado de la misma y un distintivo autoadhesivo que acreditar\u00e1 que el equipo ha pasado la inspecci\u00f3n.<\/p>\n\n\n\n<h2 class=\"wp-block-heading\"><strong>RESULTADO INSPECCI\u00d3N DESFAVORABLE<\/strong><\/h2>\n\n\n\n<p>Si el resultado es INSPECCI\u00d3N DESFAVORABLE, se dispone de 30 d\u00edas para volver a pasar la inspecci\u00f3n.<\/p>\n","protected":false},"excerpt":{"rendered":"<p>La aplicaci\u00f3n de la Norma UNE-EN 13790 1\/2 para la inspecci\u00f3n de los equipos fitosanitarios conduce a la evaluaci\u00f3n de los distintos elementos del pulverizador en 3 categor\u00edas: SIN DEFECTO Un equipo obtendr\u00e1 la clasificaci\u00f3n de INSPECCI\u00d3N FAVORABLE cuando de la aplicaci\u00f3n del proceso establecido por la norma UNE-EN, anteriormente citada, no se produzca ning\u00fan [&hellip;]<\/p>\n","protected":false},"author":1,"featured_media":0,"parent":0,"menu_order":0,"comment_status":"closed","ping_status":"closed","template":"","meta":{"footnotes":""},"class_list":["post-39","page","type-page","status-publish","czr-hentry"],"yoast_head":"<!-- This site is optimized with the Yoast SEO plugin v26.6 - https:\/\/yoast.com\/wordpress\/plugins\/seo\/ -->\n<title>RESULTADO INSPECCI\u00d3N - ITV agricola<\/title>\n<meta name=\"robots\" content=\"index, follow, max-snippet:-1, max-image-preview:large, max-video-preview:-1\" \/>\n<link rel=\"canonical\" href=\"https:\/\/www.itvagricola.es\/index.php\/resultado-inspeccion\/\" \/>\n<meta property=\"og:locale\" content=\"es_ES\" \/>\n<meta property=\"og:type\" content=\"article\" \/>\n<meta property=\"og:title\" content=\"RESULTADO INSPECCI\u00d3N - ITV agricola\" \/>\n<meta property=\"og:description\" content=\"La aplicaci\u00f3n de la Norma UNE-EN 13790 1\/2 para la inspecci\u00f3n de los equipos fitosanitarios conduce a la evaluaci\u00f3n de los distintos elementos del pulverizador en 3 categor\u00edas: SIN DEFECTO Un equipo obtendr\u00e1 la clasificaci\u00f3n de INSPECCI\u00d3N FAVORABLE cuando de la aplicaci\u00f3n del proceso establecido por la norma UNE-EN, anteriormente citada, no se produzca ning\u00fan [&hellip;]\" \/>\n<meta property=\"og:url\" content=\"https:\/\/www.itvagricola.es\/index.php\/resultado-inspeccion\/\" \/>\n<meta property=\"og:site_name\" content=\"ITV agricola\" \/>\n<meta property=\"article:publisher\" content=\"https:\/\/www.facebook.com\/profile.php?id=100067064354560&amp;locale=es_ES\" \/>\n<meta property=\"article:modified_time\" content=\"2023-12-10T19:06:56+00:00\" \/>\n<meta property=\"og:image\" content=\"http:\/\/www.itvagricola.es\/wp-content\/uploads\/2023\/12\/ITV_agricola_06.jpg\" \/>\n<meta name=\"twitter:card\" content=\"summary_large_image\" \/>\n<meta name=\"twitter:label1\" content=\"Tiempo de lectura\" \/>\n\t<meta name=\"twitter:data1\" content=\"1 minuto\" \/>\n<script type=\"application\/ld+json\" class=\"yoast-schema-graph\">{\"@context\":\"https:\/\/schema.org\",\"@graph\":[{\"@type\":\"WebPage\",\"@id\":\"https:\/\/www.itvagricola.es\/index.php\/resultado-inspeccion\/\",\"url\":\"https:\/\/www.itvagricola.es\/index.php\/resultado-inspeccion\/\",\"name\":\"RESULTADO INSPECCI\u00d3N - ITV agricola\",\"isPartOf\":{\"@id\":\"http:\/\/www.itvagricola.es\/#website\"},\"primaryImageOfPage\":{\"@id\":\"https:\/\/www.itvagricola.es\/index.php\/resultado-inspeccion\/#primaryimage\"},\"image\":{\"@id\":\"https:\/\/www.itvagricola.es\/index.php\/resultado-inspeccion\/#primaryimage\"},\"thumbnailUrl\":\"http:\/\/www.itvagricola.es\/wp-content\/uploads\/2023\/12\/ITV_agricola_06.jpg\",\"datePublished\":\"2023-12-10T19:06:55+00:00\",\"dateModified\":\"2023-12-10T19:06:56+00:00\",\"breadcrumb\":{\"@id\":\"https:\/\/www.itvagricola.es\/index.php\/resultado-inspeccion\/#breadcrumb\"},\"inLanguage\":\"es\",\"potentialAction\":[{\"@type\":\"ReadAction\",\"target\":[\"https:\/\/www.itvagricola.es\/index.php\/resultado-inspeccion\/\"]}]},{\"@type\":\"ImageObject\",\"inLanguage\":\"es\",\"@id\":\"https:\/\/www.itvagricola.es\/index.php\/resultado-inspeccion\/#primaryimage\",\"url\":\"https:\/\/www.itvagricola.es\/wp-content\/uploads\/2023\/12\/ITV_agricola_06.jpg\",\"contentUrl\":\"https:\/\/www.itvagricola.es\/wp-content\/uploads\/2023\/12\/ITV_agricola_06.jpg\",\"width\":576,\"height\":240},{\"@type\":\"BreadcrumbList\",\"@id\":\"https:\/\/www.itvagricola.es\/index.php\/resultado-inspeccion\/#breadcrumb\",\"itemListElement\":[{\"@type\":\"ListItem\",\"position\":1,\"name\":\"Portada\",\"item\":\"http:\/\/www.itvagricola.es\/\"},{\"@type\":\"ListItem\",\"position\":2,\"name\":\"RESULTADO INSPECCI\u00d3N\"}]},{\"@type\":\"WebSite\",\"@id\":\"http:\/\/www.itvagricola.es\/#website\",\"url\":\"http:\/\/www.itvagricola.es\/\",\"name\":\"ITV agricola\",\"description\":\"ITEAF 1610: Castilla la Mancha, Arag\u00f3n, Madrid y Valencia.\",\"publisher\":{\"@id\":\"http:\/\/www.itvagricola.es\/#\/schema\/person\/dbad37a13afd623eb1a191ed7ca7de2f\"},\"potentialAction\":[{\"@type\":\"SearchAction\",\"target\":{\"@type\":\"EntryPoint\",\"urlTemplate\":\"http:\/\/www.itvagricola.es\/?s={search_term_string}\"},\"query-input\":{\"@type\":\"PropertyValueSpecification\",\"valueRequired\":true,\"valueName\":\"search_term_string\"}}],\"inLanguage\":\"es\"},{\"@type\":[\"Person\",\"Organization\"],\"@id\":\"http:\/\/www.itvagricola.es\/#\/schema\/person\/dbad37a13afd623eb1a191ed7ca7de2f\",\"name\":\"luisAntonio torres\",\"image\":{\"@type\":\"ImageObject\",\"inLanguage\":\"es\",\"@id\":\"http:\/\/www.itvagricola.es\/#\/schema\/person\/image\/\",\"url\":\"https:\/\/www.itvagricola.es\/wp-content\/uploads\/2023\/12\/cropped-logoITVagricola_01.jpg\",\"contentUrl\":\"https:\/\/www.itvagricola.es\/wp-content\/uploads\/2023\/12\/cropped-logoITVagricola_01.jpg\",\"width\":788,\"height\":315,\"caption\":\"luisAntonio torres\"},\"logo\":{\"@id\":\"http:\/\/www.itvagricola.es\/#\/schema\/person\/image\/\"},\"sameAs\":[\"https:\/\/www.itvagricola.es\/\",\"https:\/\/www.facebook.com\/profile.php?id=100067064354560&locale=es_ES\"]}]}<\/script>\n<!-- \/ Yoast SEO plugin. -->","yoast_head_json":{"title":"RESULTADO INSPECCI\u00d3N - ITV agricola","robots":{"index":"index","follow":"follow","max-snippet":"max-snippet:-1","max-image-preview":"max-image-preview:large","max-video-preview":"max-video-preview:-1"},"canonical":"https:\/\/www.itvagricola.es\/index.php\/resultado-inspeccion\/","og_locale":"es_ES","og_type":"article","og_title":"RESULTADO INSPECCI\u00d3N - ITV agricola","og_description":"La aplicaci\u00f3n de la Norma UNE-EN 13790 1\/2 para la inspecci\u00f3n de los equipos fitosanitarios conduce a la evaluaci\u00f3n de los distintos elementos del pulverizador en 3 categor\u00edas: SIN DEFECTO Un equipo obtendr\u00e1 la clasificaci\u00f3n de INSPECCI\u00d3N FAVORABLE cuando de la aplicaci\u00f3n del proceso establecido por la norma UNE-EN, anteriormente citada, no se produzca ning\u00fan [&hellip;]","og_url":"https:\/\/www.itvagricola.es\/index.php\/resultado-inspeccion\/","og_site_name":"ITV agricola","article_publisher":"https:\/\/www.facebook.com\/profile.php?id=100067064354560&locale=es_ES","article_modified_time":"2023-12-10T19:06:56+00:00","og_image":[{"url":"http:\/\/www.itvagricola.es\/wp-content\/uploads\/2023\/12\/ITV_agricola_06.jpg","type":"","width":"","height":""}],"twitter_card":"summary_large_image","twitter_misc":{"Tiempo de lectura":"1 minuto"},"schema":{"@context":"https:\/\/schema.org","@graph":[{"@type":"WebPage","@id":"https:\/\/www.itvagricola.es\/index.php\/resultado-inspeccion\/","url":"https:\/\/www.itvagricola.es\/index.php\/resultado-inspeccion\/","name":"RESULTADO INSPECCI\u00d3N - ITV agricola","isPartOf":{"@id":"http:\/\/www.itvagricola.es\/#website"},"primaryImageOfPage":{"@id":"https:\/\/www.itvagricola.es\/index.php\/resultado-inspeccion\/#primaryimage"},"image":{"@id":"https:\/\/www.itvagricola.es\/index.php\/resultado-inspeccion\/#primaryimage"},"thumbnailUrl":"http:\/\/www.itvagricola.es\/wp-content\/uploads\/2023\/12\/ITV_agricola_06.jpg","datePublished":"2023-12-10T19:06:55+00:00","dateModified":"2023-12-10T19:06:56+00:00","breadcrumb":{"@id":"https:\/\/www.itvagricola.es\/index.php\/resultado-inspeccion\/#breadcrumb"},"inLanguage":"es","potentialAction":[{"@type":"ReadAction","target":["https:\/\/www.itvagricola.es\/index.php\/resultado-inspeccion\/"]}]},{"@type":"ImageObject","inLanguage":"es","@id":"https:\/\/www.itvagricola.es\/index.php\/resultado-inspeccion\/#primaryimage","url":"https:\/\/www.itvagricola.es\/wp-content\/uploads\/2023\/12\/ITV_agricola_06.jpg","contentUrl":"https:\/\/www.itvagricola.es\/wp-content\/uploads\/2023\/12\/ITV_agricola_06.jpg","width":576,"height":240},{"@type":"BreadcrumbList","@id":"https:\/\/www.itvagricola.es\/index.php\/resultado-inspeccion\/#breadcrumb","itemListElement":[{"@type":"ListItem","position":1,"name":"Portada","item":"http:\/\/www.itvagricola.es\/"},{"@type":"ListItem","position":2,"name":"RESULTADO INSPECCI\u00d3N"}]},{"@type":"WebSite","@id":"http:\/\/www.itvagricola.es\/#website","url":"http:\/\/www.itvagricola.es\/","name":"ITV agricola","description":"ITEAF 1610: Castilla la Mancha, Arag\u00f3n, Madrid y Valencia.","publisher":{"@id":"http:\/\/www.itvagricola.es\/#\/schema\/person\/dbad37a13afd623eb1a191ed7ca7de2f"},"potentialAction":[{"@type":"SearchAction","target":{"@type":"EntryPoint","urlTemplate":"http:\/\/www.itvagricola.es\/?s={search_term_string}"},"query-input":{"@type":"PropertyValueSpecification","valueRequired":true,"valueName":"search_term_string"}}],"inLanguage":"es"},{"@type":["Person","Organization"],"@id":"http:\/\/www.itvagricola.es\/#\/schema\/person\/dbad37a13afd623eb1a191ed7ca7de2f","name":"luisAntonio torres","image":{"@type":"ImageObject","inLanguage":"es","@id":"http:\/\/www.itvagricola.es\/#\/schema\/person\/image\/","url":"https:\/\/www.itvagricola.es\/wp-content\/uploads\/2023\/12\/cropped-logoITVagricola_01.jpg","contentUrl":"https:\/\/www.itvagricola.es\/wp-content\/uploads\/2023\/12\/cropped-logoITVagricola_01.jpg","width":788,"height":315,"caption":"luisAntonio torres"},"logo":{"@id":"http:\/\/www.itvagricola.es\/#\/schema\/person\/image\/"},"sameAs":["https:\/\/www.itvagricola.es\/","https:\/\/www.facebook.com\/profile.php?id=100067064354560&locale=es_ES"]}]}},"_links":{"self":[{"href":"https:\/\/www.itvagricola.es\/index.php\/wp-json\/wp\/v2\/pages\/39","targetHints":{"allow":["GET"]}}],"collection":[{"href":"https:\/\/www.itvagricola.es\/index.php\/wp-json\/wp\/v2\/pages"}],"about":[{"href":"https:\/\/www.itvagricola.es\/index.php\/wp-json\/wp\/v2\/types\/page"}],"author":[{"embeddable":true,"href":"https:\/\/www.itvagricola.es\/index.php\/wp-json\/wp\/v2\/users\/1"}],"replies":[{"embeddable":true,"href":"https:\/\/www.itvagricola.es\/index.php\/wp-json\/wp\/v2\/comments?post=39"}],"version-history":[{"count":0,"href":"https:\/\/www.itvagricola.es\/index.php\/wp-json\/wp\/v2\/pages\/39\/revisions"}],"wp:attachment":[{"href":"https:\/\/www.itvagricola.es\/index.php\/wp-json\/wp\/v2\/media?parent=39"}],"curies":[{"name":"wp","href":"https:\/\/api.w.org\/{rel}","templated":true}]}}