{"id":42,"date":"2023-12-10T19:09:27","date_gmt":"2023-12-10T19:09:27","guid":{"rendered":"https:\/\/www.itvagricola.es\/?page_id=42"},"modified":"2023-12-10T19:09:28","modified_gmt":"2023-12-10T19:09:28","slug":"maquinaria-obligada-a-la-inscripcion-en-el-roma","status":"publish","type":"page","link":"https:\/\/www.itvagricola.es\/index.php\/maquinaria-obligada-a-la-inscripcion-en-el-roma\/","title":{"rendered":"Maquinaria obligada a la inscripci\u00f3n en el ROMA"},"content":{"rendered":"\n<h2 class=\"wp-block-heading\"><strong>Registro Maquinaria Agr\u00edcola (ROMA)<\/strong><\/h2>\n\n\n\n<p>El ROMA es el Registro Oficial de Maquinaria Agr\u00edcola. La inscripci\u00f3n en el ROMA se establece con el fin de recopilar el parque de maquinar\u00eda agr\u00edcola que act\u00faa en Espa\u00f1a.<\/p>\n\n\n<div class=\"wp-block-image\">\n<figure class=\"aligncenter size-full\"><img loading=\"lazy\" decoding=\"async\" width=\"300\" height=\"195\" src=\"http:\/\/www.itvagricola.es\/wp-content\/uploads\/2023\/12\/ITV_agricola_07.jpg\" alt=\"\" class=\"wp-image-43\"\/><\/figure>\n<\/div>\n\n\n<h2 class=\"wp-block-heading\"><strong>Qu\u00e9 grupo de m\u00e1quinas son de obligada inscripci\u00f3n en el ROMA<\/strong><\/h2>\n\n\n\n<ol class=\"wp-block-list\">\n<li>Tractores agr\u00edcolas y forestales de cualquier tipo y categor\u00eda.<\/li>\n\n\n\n<li>Motocultores.<\/li>\n\n\n\n<li>Tractocarros.<\/li>\n\n\n\n<li>M\u00e1quinas automotrices de cualquier tipo, potencia y peso.<\/li>\n\n\n\n<li>M\u00e1quinas arrastradas de m\u00e1s de 750 kg de masa m\u00e1xima con carga admisible del veh\u00edculo en circulaci\u00f3n (MMA).<\/li>\n\n\n\n<li>Remolques agr\u00edcolas.<\/li>\n\n\n\n<li>Cisternas para el transporte y distribuci\u00f3n de l\u00edquidos.<\/li>\n\n\n\n<li>Equipos de tratamientos fitosanitarios arrastrados o suspendidos, de cualquier capacidad o peso.<\/li>\n\n\n\n<li>Equipos de distribuci\u00f3n de fertilizantes arrastrados o suspendidos, de cualquier capacidad o peso.<\/li>\n\n\n\n<li>Las m\u00e1quinas no incluidas en algunos de los apartados anteriores, para cuya adquisici\u00f3n se haya concedido un cr\u00e9dito o una subvenci\u00f3n oficial.<\/li>\n\n\n\n<li>Aquellas m\u00e1quinas no contempladas anteriormente y que se determinen por norma reglamentaria de la comunidad autonoma.<\/li>\n<\/ol>\n\n\n\n<h2 class=\"wp-block-heading\"><strong>Qui\u00e9n debe inscribir la maquinaria<\/strong><\/h2>\n\n\n\n<p>La inscripci\u00f3n de maquinaria en el ROMA deber\u00e1 realizarse a instancias de sus titulares, siempre que re\u00fanan alguna de las siguientes caracter\u00edsticas:<\/p>\n\n\n\n<ol class=\"wp-block-list\">\n<li>Personas f\u00edsicas titulares de una explotaci\u00f3n agraria.<\/li>\n\n\n\n<li>Personas jur\u00eddicas que desarrollen una actividad agraria.<\/li>\n\n\n\n<li>Personas f\u00edsicas o jur\u00eddicas que desarrollen la presentaci\u00f3n de servicios agrarios, siempre que est\u00e9n inscritas en los correspondientes registros o censos oficiales.<\/li>\n\n\n\n<li>Cooperativas agrarias, en sus distintas modalidades, sociedades agrarias de transformaci\u00f3n y otras agrupaciones agrarias inscritas en los correspondientes registros oficiales.<\/li>\n\n\n\n<li>Organismos oficiales y centros de formaci\u00f3n agraria, cuando utilicen las maquinas en tareas espec\u00edficas de mecanizaci\u00f3n agraria.<\/li>\n\n\n\n<li>En los casos de usuarios o arrendatarios de maquinas agr\u00edcolas, pertenecientes a alguno de los titulares anteriores, que disponen de las mismas mediante contrato leasing, renting u otros, la inscripci\u00f3n ser\u00e1 a nombre del arrendatario, con una anotaci\u00f3n en la que se indique esta situaci\u00f3n y el nombre o raz\u00f3n social de la entidad financiera.<\/li>\n<\/ol>\n\n\n\n<h2 class=\"wp-block-heading\"><strong>Cu\u00e1ndo se solicita la inscripci\u00f3n en el ROMA<\/strong><\/h2>\n\n\n\n<ol class=\"wp-block-list\">\n<li>Incorporaci\u00f3n de maquinaria nueva a la actividad agraria.<\/li>\n\n\n\n<li>Incorporaci\u00f3n de maquinaria usada procedente de otros pa\u00edses.<\/li>\n\n\n\n<li>Incorporaci\u00f3n al sector agrario procedente de los sectores de obras y servicios.<\/li>\n\n\n\n<li>Cambio de titularidad (transferencias, herencias, etc), sin modificaci\u00f3n de su uso o destino.<\/li>\n\n\n\n<li>Alta de maquinas en uso, que antes no estaban obligadas a estar inscritas en el ROMA, como los equipos de aplicaci\u00f3n de fitosanitarios y las abonadoras (obligadas a la inscripci\u00f3n con la actual legislaci\u00f3n).<\/li>\n<\/ol>\n\n\n\n<h2 class=\"wp-block-heading\"><strong>Cu\u00e1ndo se solicita la baja en el ROMA<\/strong><\/h2>\n\n\n\n<p>La baja se solicitar\u00e1 por el titular de la maquinaria en los siguientes casos:<\/p>\n\n\n\n<ul class=\"wp-block-list\">\n<li>Que la m\u00e1quina procedente del sector agrario pase a otros sectores.<\/li>\n\n\n\n<li>Desguace, achatarramiento o inutilidad de la m\u00e1quina.<\/li>\n\n\n\n<li>Cambio de titularidad.<\/li>\n\n\n\n<li>Que la m\u00e1quina pase a veh\u00edculo hist\u00f3rico.<\/li>\n\n\n\n<li>Baja temporal, incluida la entrega a empresa comercializadora de maquinaria.<\/li>\n<\/ul>\n","protected":false},"excerpt":{"rendered":"<p>Registro Maquinaria Agr\u00edcola (ROMA) El ROMA es el Registro Oficial de Maquinaria Agr\u00edcola. La inscripci\u00f3n en el ROMA se establece con el fin de recopilar el parque de maquinar\u00eda agr\u00edcola que act\u00faa en Espa\u00f1a. Qu\u00e9 grupo de m\u00e1quinas son de obligada inscripci\u00f3n en el ROMA Qui\u00e9n debe inscribir la maquinaria La inscripci\u00f3n de maquinaria en [&hellip;]<\/p>\n","protected":false},"author":1,"featured_media":0,"parent":0,"menu_order":0,"comment_status":"closed","ping_status":"closed","template":"","meta":{"footnotes":""},"class_list":["post-42","page","type-page","status-publish","czr-hentry"],"yoast_head":"<!-- This site is optimized with the Yoast SEO plugin v26.6 - https:\/\/yoast.com\/wordpress\/plugins\/seo\/ -->\n<title>Maquinaria obligada a la inscripci\u00f3n en el ROMA - ITV agricola<\/title>\n<meta name=\"robots\" content=\"index, follow, max-snippet:-1, max-image-preview:large, max-video-preview:-1\" \/>\n<link rel=\"canonical\" href=\"http:\/\/www.itvagricola.es\/index.php\/maquinaria-obligada-a-la-inscripcion-en-el-roma\/\" \/>\n<meta property=\"og:locale\" content=\"es_ES\" \/>\n<meta property=\"og:type\" content=\"article\" \/>\n<meta property=\"og:title\" content=\"Maquinaria obligada a la inscripci\u00f3n en el ROMA - ITV agricola\" \/>\n<meta property=\"og:description\" content=\"Registro Maquinaria Agr\u00edcola (ROMA) El ROMA es el Registro Oficial de Maquinaria Agr\u00edcola. La inscripci\u00f3n en el ROMA se establece con el fin de recopilar el parque de maquinar\u00eda agr\u00edcola que act\u00faa en Espa\u00f1a. Qu\u00e9 grupo de m\u00e1quinas son de obligada inscripci\u00f3n en el ROMA Qui\u00e9n debe inscribir la maquinaria La inscripci\u00f3n de maquinaria en [&hellip;]\" \/>\n<meta property=\"og:url\" content=\"http:\/\/www.itvagricola.es\/index.php\/maquinaria-obligada-a-la-inscripcion-en-el-roma\/\" \/>\n<meta property=\"og:site_name\" content=\"ITV agricola\" \/>\n<meta property=\"article:publisher\" content=\"https:\/\/www.facebook.com\/profile.php?id=100067064354560&amp;locale=es_ES\" \/>\n<meta property=\"article:modified_time\" content=\"2023-12-10T19:09:28+00:00\" \/>\n<meta property=\"og:image\" content=\"http:\/\/www.itvagricola.es\/wp-content\/uploads\/2023\/12\/ITV_agricola_07.jpg\" \/>\n<meta name=\"twitter:card\" content=\"summary_large_image\" \/>\n<meta name=\"twitter:label1\" content=\"Tiempo de lectura\" \/>\n\t<meta name=\"twitter:data1\" content=\"3 minutos\" \/>\n<script type=\"application\/ld+json\" class=\"yoast-schema-graph\">{\"@context\":\"https:\/\/schema.org\",\"@graph\":[{\"@type\":\"WebPage\",\"@id\":\"http:\/\/www.itvagricola.es\/index.php\/maquinaria-obligada-a-la-inscripcion-en-el-roma\/\",\"url\":\"http:\/\/www.itvagricola.es\/index.php\/maquinaria-obligada-a-la-inscripcion-en-el-roma\/\",\"name\":\"Maquinaria obligada a la inscripci\u00f3n en el ROMA - ITV agricola\",\"isPartOf\":{\"@id\":\"https:\/\/www.itvagricola.es\/#website\"},\"primaryImageOfPage\":{\"@id\":\"http:\/\/www.itvagricola.es\/index.php\/maquinaria-obligada-a-la-inscripcion-en-el-roma\/#primaryimage\"},\"image\":{\"@id\":\"http:\/\/www.itvagricola.es\/index.php\/maquinaria-obligada-a-la-inscripcion-en-el-roma\/#primaryimage\"},\"thumbnailUrl\":\"http:\/\/www.itvagricola.es\/wp-content\/uploads\/2023\/12\/ITV_agricola_07.jpg\",\"datePublished\":\"2023-12-10T19:09:27+00:00\",\"dateModified\":\"2023-12-10T19:09:28+00:00\",\"breadcrumb\":{\"@id\":\"http:\/\/www.itvagricola.es\/index.php\/maquinaria-obligada-a-la-inscripcion-en-el-roma\/#breadcrumb\"},\"inLanguage\":\"es\",\"potentialAction\":[{\"@type\":\"ReadAction\",\"target\":[\"http:\/\/www.itvagricola.es\/index.php\/maquinaria-obligada-a-la-inscripcion-en-el-roma\/\"]}]},{\"@type\":\"ImageObject\",\"inLanguage\":\"es\",\"@id\":\"http:\/\/www.itvagricola.es\/index.php\/maquinaria-obligada-a-la-inscripcion-en-el-roma\/#primaryimage\",\"url\":\"https:\/\/www.itvagricola.es\/wp-content\/uploads\/2023\/12\/ITV_agricola_07.jpg\",\"contentUrl\":\"https:\/\/www.itvagricola.es\/wp-content\/uploads\/2023\/12\/ITV_agricola_07.jpg\",\"width\":300,\"height\":195},{\"@type\":\"BreadcrumbList\",\"@id\":\"http:\/\/www.itvagricola.es\/index.php\/maquinaria-obligada-a-la-inscripcion-en-el-roma\/#breadcrumb\",\"itemListElement\":[{\"@type\":\"ListItem\",\"position\":1,\"name\":\"Portada\",\"item\":\"https:\/\/www.itvagricola.es\/\"},{\"@type\":\"ListItem\",\"position\":2,\"name\":\"Maquinaria obligada a la inscripci\u00f3n en el ROMA\"}]},{\"@type\":\"WebSite\",\"@id\":\"https:\/\/www.itvagricola.es\/#website\",\"url\":\"https:\/\/www.itvagricola.es\/\",\"name\":\"ITV agricola\",\"description\":\"ITEAF 1610: Castilla la Mancha, Arag\u00f3n, Madrid y Valencia.\",\"publisher\":{\"@id\":\"https:\/\/www.itvagricola.es\/#\/schema\/person\/dbad37a13afd623eb1a191ed7ca7de2f\"},\"potentialAction\":[{\"@type\":\"SearchAction\",\"target\":{\"@type\":\"EntryPoint\",\"urlTemplate\":\"https:\/\/www.itvagricola.es\/?s={search_term_string}\"},\"query-input\":{\"@type\":\"PropertyValueSpecification\",\"valueRequired\":true,\"valueName\":\"search_term_string\"}}],\"inLanguage\":\"es\"},{\"@type\":[\"Person\",\"Organization\"],\"@id\":\"https:\/\/www.itvagricola.es\/#\/schema\/person\/dbad37a13afd623eb1a191ed7ca7de2f\",\"name\":\"luisAntonio torres\",\"image\":{\"@type\":\"ImageObject\",\"inLanguage\":\"es\",\"@id\":\"https:\/\/www.itvagricola.es\/#\/schema\/person\/image\/\",\"url\":\"https:\/\/www.itvagricola.es\/wp-content\/uploads\/2023\/12\/cropped-logoITVagricola_01.jpg\",\"contentUrl\":\"https:\/\/www.itvagricola.es\/wp-content\/uploads\/2023\/12\/cropped-logoITVagricola_01.jpg\",\"width\":788,\"height\":315,\"caption\":\"luisAntonio torres\"},\"logo\":{\"@id\":\"https:\/\/www.itvagricola.es\/#\/schema\/person\/image\/\"},\"sameAs\":[\"https:\/\/www.itvagricola.es\/\",\"https:\/\/www.facebook.com\/profile.php?id=100067064354560&locale=es_ES\"]}]}<\/script>\n<!-- \/ Yoast SEO plugin. -->","yoast_head_json":{"title":"Maquinaria obligada a la inscripci\u00f3n en el ROMA - ITV agricola","robots":{"index":"index","follow":"follow","max-snippet":"max-snippet:-1","max-image-preview":"max-image-preview:large","max-video-preview":"max-video-preview:-1"},"canonical":"http:\/\/www.itvagricola.es\/index.php\/maquinaria-obligada-a-la-inscripcion-en-el-roma\/","og_locale":"es_ES","og_type":"article","og_title":"Maquinaria obligada a la inscripci\u00f3n en el ROMA - ITV agricola","og_description":"Registro Maquinaria Agr\u00edcola (ROMA) El ROMA es el Registro Oficial de Maquinaria Agr\u00edcola. La inscripci\u00f3n en el ROMA se establece con el fin de recopilar el parque de maquinar\u00eda agr\u00edcola que act\u00faa en Espa\u00f1a. Qu\u00e9 grupo de m\u00e1quinas son de obligada inscripci\u00f3n en el ROMA Qui\u00e9n debe inscribir la maquinaria La inscripci\u00f3n de maquinaria en [&hellip;]","og_url":"http:\/\/www.itvagricola.es\/index.php\/maquinaria-obligada-a-la-inscripcion-en-el-roma\/","og_site_name":"ITV agricola","article_publisher":"https:\/\/www.facebook.com\/profile.php?id=100067064354560&locale=es_ES","article_modified_time":"2023-12-10T19:09:28+00:00","og_image":[{"url":"http:\/\/www.itvagricola.es\/wp-content\/uploads\/2023\/12\/ITV_agricola_07.jpg","type":"","width":"","height":""}],"twitter_card":"summary_large_image","twitter_misc":{"Tiempo de lectura":"3 minutos"},"schema":{"@context":"https:\/\/schema.org","@graph":[{"@type":"WebPage","@id":"http:\/\/www.itvagricola.es\/index.php\/maquinaria-obligada-a-la-inscripcion-en-el-roma\/","url":"http:\/\/www.itvagricola.es\/index.php\/maquinaria-obligada-a-la-inscripcion-en-el-roma\/","name":"Maquinaria obligada a la inscripci\u00f3n en el ROMA - ITV agricola","isPartOf":{"@id":"https:\/\/www.itvagricola.es\/#website"},"primaryImageOfPage":{"@id":"http:\/\/www.itvagricola.es\/index.php\/maquinaria-obligada-a-la-inscripcion-en-el-roma\/#primaryimage"},"image":{"@id":"http:\/\/www.itvagricola.es\/index.php\/maquinaria-obligada-a-la-inscripcion-en-el-roma\/#primaryimage"},"thumbnailUrl":"http:\/\/www.itvagricola.es\/wp-content\/uploads\/2023\/12\/ITV_agricola_07.jpg","datePublished":"2023-12-10T19:09:27+00:00","dateModified":"2023-12-10T19:09:28+00:00","breadcrumb":{"@id":"http:\/\/www.itvagricola.es\/index.php\/maquinaria-obligada-a-la-inscripcion-en-el-roma\/#breadcrumb"},"inLanguage":"es","potentialAction":[{"@type":"ReadAction","target":["http:\/\/www.itvagricola.es\/index.php\/maquinaria-obligada-a-la-inscripcion-en-el-roma\/"]}]},{"@type":"ImageObject","inLanguage":"es","@id":"http:\/\/www.itvagricola.es\/index.php\/maquinaria-obligada-a-la-inscripcion-en-el-roma\/#primaryimage","url":"https:\/\/www.itvagricola.es\/wp-content\/uploads\/2023\/12\/ITV_agricola_07.jpg","contentUrl":"https:\/\/www.itvagricola.es\/wp-content\/uploads\/2023\/12\/ITV_agricola_07.jpg","width":300,"height":195},{"@type":"BreadcrumbList","@id":"http:\/\/www.itvagricola.es\/index.php\/maquinaria-obligada-a-la-inscripcion-en-el-roma\/#breadcrumb","itemListElement":[{"@type":"ListItem","position":1,"name":"Portada","item":"https:\/\/www.itvagricola.es\/"},{"@type":"ListItem","position":2,"name":"Maquinaria obligada a la inscripci\u00f3n en el ROMA"}]},{"@type":"WebSite","@id":"https:\/\/www.itvagricola.es\/#website","url":"https:\/\/www.itvagricola.es\/","name":"ITV agricola","description":"ITEAF 1610: Castilla la Mancha, Arag\u00f3n, Madrid y Valencia.","publisher":{"@id":"https:\/\/www.itvagricola.es\/#\/schema\/person\/dbad37a13afd623eb1a191ed7ca7de2f"},"potentialAction":[{"@type":"SearchAction","target":{"@type":"EntryPoint","urlTemplate":"https:\/\/www.itvagricola.es\/?s={search_term_string}"},"query-input":{"@type":"PropertyValueSpecification","valueRequired":true,"valueName":"search_term_string"}}],"inLanguage":"es"},{"@type":["Person","Organization"],"@id":"https:\/\/www.itvagricola.es\/#\/schema\/person\/dbad37a13afd623eb1a191ed7ca7de2f","name":"luisAntonio torres","image":{"@type":"ImageObject","inLanguage":"es","@id":"https:\/\/www.itvagricola.es\/#\/schema\/person\/image\/","url":"https:\/\/www.itvagricola.es\/wp-content\/uploads\/2023\/12\/cropped-logoITVagricola_01.jpg","contentUrl":"https:\/\/www.itvagricola.es\/wp-content\/uploads\/2023\/12\/cropped-logoITVagricola_01.jpg","width":788,"height":315,"caption":"luisAntonio torres"},"logo":{"@id":"https:\/\/www.itvagricola.es\/#\/schema\/person\/image\/"},"sameAs":["https:\/\/www.itvagricola.es\/","https:\/\/www.facebook.com\/profile.php?id=100067064354560&locale=es_ES"]}]}},"_links":{"self":[{"href":"https:\/\/www.itvagricola.es\/index.php\/wp-json\/wp\/v2\/pages\/42","targetHints":{"allow":["GET"]}}],"collection":[{"href":"https:\/\/www.itvagricola.es\/index.php\/wp-json\/wp\/v2\/pages"}],"about":[{"href":"https:\/\/www.itvagricola.es\/index.php\/wp-json\/wp\/v2\/types\/page"}],"author":[{"embeddable":true,"href":"https:\/\/www.itvagricola.es\/index.php\/wp-json\/wp\/v2\/users\/1"}],"replies":[{"embeddable":true,"href":"https:\/\/www.itvagricola.es\/index.php\/wp-json\/wp\/v2\/comments?post=42"}],"version-history":[{"count":0,"href":"https:\/\/www.itvagricola.es\/index.php\/wp-json\/wp\/v2\/pages\/42\/revisions"}],"wp:attachment":[{"href":"https:\/\/www.itvagricola.es\/index.php\/wp-json\/wp\/v2\/media?parent=42"}],"curies":[{"name":"wp","href":"https:\/\/api.w.org\/{rel}","templated":true}]}}