{"id":82,"date":"2023-12-10T20:25:15","date_gmt":"2023-12-10T20:25:15","guid":{"rendered":"https:\/\/www.itvagricola.es\/?page_id=82"},"modified":"2023-12-10T20:25:15","modified_gmt":"2023-12-10T20:25:15","slug":"10-cosas-que-hay-que-hacer-antes-de-ir-a-la-iteaf","status":"publish","type":"page","link":"https:\/\/www.itvagricola.es\/index.php\/10-cosas-que-hay-que-hacer-antes-de-ir-a-la-iteaf\/","title":{"rendered":"10 cosas que hay que hacer antes de ir a la ITEAF"},"content":{"rendered":"\n<figure class=\"wp-block-image size-full\"><img loading=\"lazy\" decoding=\"async\" width=\"1024\" height=\"720\" src=\"http:\/\/www.itvagricola.es\/wp-content\/uploads\/2023\/12\/ITV_agricola_21.jpg\" alt=\"\" class=\"wp-image-83\" srcset=\"https:\/\/www.itvagricola.es\/wp-content\/uploads\/2023\/12\/ITV_agricola_21.jpg 1024w, https:\/\/www.itvagricola.es\/wp-content\/uploads\/2023\/12\/ITV_agricola_21-300x211.jpg 300w, https:\/\/www.itvagricola.es\/wp-content\/uploads\/2023\/12\/ITV_agricola_21-768x540.jpg 768w\" sizes=\"auto, (max-width: 1024px) 100vw, 1024px\" \/><\/figure>\n\n\n\n<h2 class=\"wp-block-heading\"><strong>10 recomendaciones para pasar la ITEAF a la primera<\/strong><\/h2>\n\n\n\n<p>Las 10 cosas que conviene hacer para tener resultado positivo en la primera inspecci\u00f3n ITEAF de tu equipo de aplicaci\u00f3n de fitosanitarios, sulfatadora, maquina de escardar, pulverizador o sprayer machine.<\/p>\n\n\n\n<ol class=\"wp-block-list\">\n<li>La maquina debe estar dada de alta en el Registro Oficial de Maquinaria Agr\u00edcola (ROMA).<\/li>\n\n\n\n<li>Limpiar el exterior e interior de la m\u00e1quina de tratamientos fitosanitarios hasta conseguir eliminar los residuos de productos.<\/li>\n\n\n\n<li>Desmontar todas las mallas de los filtros limpiarlas, reponer las que est\u00e9n rotas y volverlas a montar.<\/li>\n\n\n\n<li>Con los filtros limpios y montados se recomienda desmontar una a una todas las boquillas y dejar salir agua limpia por los porta boquillas hasta que salgan las impurezas que se hubieran quedado en los porta filtros.<\/li>\n\n\n\n<li>Comprobar que las boquillas no se encuentren obstruidas ni desgastadas. Si est\u00e1n obstruidas se pueden limpiar con aire comprimido y un cepillo. Si est\u00e1n desgastadas hay que sustituirlas por unas nuevas. Todas las boquillas ser\u00e1n de la misma marca y modelo en los pulverizadores hidr\u00e1ulicos de barras. En los atomizadores las boquillas pueden ser diferentes, pero ambos lados tienen que ser sim\u00e9tricos.<\/li>\n\n\n\n<li>Es necesario que el man\u00f3metro presente las divisiones adecuadas: de 0.2 bar en pulverizadores hidr\u00e1ulicos de barras (maquina de escardar) en el intervalo de 0 a 5 bar&nbsp; y de 1 bar en pulverizadores hidroneum\u00e1ticos o atomizadores (sulfatadora) en el intervalo de 0 a 20 bar para frutales y vi\u00f1as. Con la m\u00e1quina parada el man\u00f3metro debe marcar 0 bar. Cuando la m\u00e1quina este aplicando producto fitosanitario, no tiene que oscilar la aguja del man\u00f3metro. Si no cumple estos requisitos tendr\u00edamos que sustituir el man\u00f3metro.<\/li>\n\n\n\n<li>No se admitir\u00e1n equipos de tratamientos fitosanitarios que presenten fugas en sus circuitos hidr\u00e1ulicos, ya sean de producto o de aceite (reparar las fugas si las tenemos)<\/li>\n\n\n\n<li>El equipo no goteara cuando el equipo este sin presi\u00f3n (sistema anti goteo)<\/li>\n\n\n\n<li>El dep\u00f3sito se encontrar\u00e1 lleno de agua limpia en 3\/4 partes de su capacidad nominal, en maquinas con el dep\u00f3sito muy grande servir\u00e1 con llenarlo hasta la mitad y el indicador de nivel ser\u00e1 visible por el conductor de la m\u00e1quina.<\/li>\n\n\n\n<li>Los resguardos de la toma de fuerza y su eje estar\u00e1n debidamente protegidos. Y lo mismo se aplicar\u00e1 al resto de elementos m\u00f3viles del equipo.<\/li>\n<\/ol>\n\n\n\n<p>Si tu pulverizador es antiguo y no dispone de elementos, como el deposito de limpieza, lavado de manos, lavado de envases, etc. No es necesario que se los montes, la normativa vigente permite a los equipos antiguos seguir trabajando sin estos elementos, aunque es cierto que facilitan al agricultor &nbsp;su trabajo y son muy recomendables, no son obligatorios en equipos antiguos.<\/p>\n","protected":false},"excerpt":{"rendered":"<p>10 recomendaciones para pasar la ITEAF a la primera Las 10 cosas que conviene hacer para tener resultado positivo en la primera inspecci\u00f3n ITEAF de tu equipo de aplicaci\u00f3n de fitosanitarios, sulfatadora, maquina de escardar, pulverizador o sprayer machine. Si tu pulverizador es antiguo y no dispone de elementos, como el deposito de limpieza, lavado [&hellip;]<\/p>\n","protected":false},"author":1,"featured_media":0,"parent":0,"menu_order":0,"comment_status":"closed","ping_status":"closed","template":"","meta":{"footnotes":""},"class_list":["post-82","page","type-page","status-publish","czr-hentry"],"yoast_head":"<!-- This site is optimized with the Yoast SEO plugin v26.6 - https:\/\/yoast.com\/wordpress\/plugins\/seo\/ -->\n<title>10 cosas que hay que hacer antes de ir a la ITEAF - ITV agricola<\/title>\n<meta name=\"robots\" content=\"index, follow, max-snippet:-1, max-image-preview:large, max-video-preview:-1\" \/>\n<link rel=\"canonical\" href=\"http:\/\/www.itvagricola.es\/index.php\/10-cosas-que-hay-que-hacer-antes-de-ir-a-la-iteaf\/\" \/>\n<meta property=\"og:locale\" content=\"es_ES\" \/>\n<meta property=\"og:type\" content=\"article\" \/>\n<meta property=\"og:title\" content=\"10 cosas que hay que hacer antes de ir a la ITEAF - ITV agricola\" \/>\n<meta property=\"og:description\" content=\"10 recomendaciones para pasar la ITEAF a la primera Las 10 cosas que conviene hacer para tener resultado positivo en la primera inspecci\u00f3n ITEAF de tu equipo de aplicaci\u00f3n de fitosanitarios, sulfatadora, maquina de escardar, pulverizador o sprayer machine. Si tu pulverizador es antiguo y no dispone de elementos, como el deposito de limpieza, lavado [&hellip;]\" \/>\n<meta property=\"og:url\" content=\"http:\/\/www.itvagricola.es\/index.php\/10-cosas-que-hay-que-hacer-antes-de-ir-a-la-iteaf\/\" \/>\n<meta property=\"og:site_name\" content=\"ITV agricola\" \/>\n<meta property=\"article:publisher\" content=\"https:\/\/www.facebook.com\/profile.php?id=100067064354560&amp;locale=es_ES\" \/>\n<meta property=\"og:image\" content=\"http:\/\/www.itvagricola.es\/wp-content\/uploads\/2023\/12\/ITV_agricola_21.jpg\" \/>\n<meta name=\"twitter:card\" content=\"summary_large_image\" \/>\n<meta name=\"twitter:label1\" content=\"Tiempo de lectura\" \/>\n\t<meta name=\"twitter:data1\" content=\"2 minutos\" \/>\n<script type=\"application\/ld+json\" class=\"yoast-schema-graph\">{\"@context\":\"https:\/\/schema.org\",\"@graph\":[{\"@type\":\"WebPage\",\"@id\":\"http:\/\/www.itvagricola.es\/index.php\/10-cosas-que-hay-que-hacer-antes-de-ir-a-la-iteaf\/\",\"url\":\"http:\/\/www.itvagricola.es\/index.php\/10-cosas-que-hay-que-hacer-antes-de-ir-a-la-iteaf\/\",\"name\":\"10 cosas que hay que hacer antes de ir a la ITEAF - ITV agricola\",\"isPartOf\":{\"@id\":\"http:\/\/www.itvagricola.es\/#website\"},\"primaryImageOfPage\":{\"@id\":\"http:\/\/www.itvagricola.es\/index.php\/10-cosas-que-hay-que-hacer-antes-de-ir-a-la-iteaf\/#primaryimage\"},\"image\":{\"@id\":\"http:\/\/www.itvagricola.es\/index.php\/10-cosas-que-hay-que-hacer-antes-de-ir-a-la-iteaf\/#primaryimage\"},\"thumbnailUrl\":\"http:\/\/www.itvagricola.es\/wp-content\/uploads\/2023\/12\/ITV_agricola_21.jpg\",\"datePublished\":\"2023-12-10T20:25:15+00:00\",\"breadcrumb\":{\"@id\":\"http:\/\/www.itvagricola.es\/index.php\/10-cosas-que-hay-que-hacer-antes-de-ir-a-la-iteaf\/#breadcrumb\"},\"inLanguage\":\"es\",\"potentialAction\":[{\"@type\":\"ReadAction\",\"target\":[\"http:\/\/www.itvagricola.es\/index.php\/10-cosas-que-hay-que-hacer-antes-de-ir-a-la-iteaf\/\"]}]},{\"@type\":\"ImageObject\",\"inLanguage\":\"es\",\"@id\":\"http:\/\/www.itvagricola.es\/index.php\/10-cosas-que-hay-que-hacer-antes-de-ir-a-la-iteaf\/#primaryimage\",\"url\":\"https:\/\/www.itvagricola.es\/wp-content\/uploads\/2023\/12\/ITV_agricola_21.jpg\",\"contentUrl\":\"https:\/\/www.itvagricola.es\/wp-content\/uploads\/2023\/12\/ITV_agricola_21.jpg\",\"width\":1024,\"height\":720},{\"@type\":\"BreadcrumbList\",\"@id\":\"http:\/\/www.itvagricola.es\/index.php\/10-cosas-que-hay-que-hacer-antes-de-ir-a-la-iteaf\/#breadcrumb\",\"itemListElement\":[{\"@type\":\"ListItem\",\"position\":1,\"name\":\"Portada\",\"item\":\"http:\/\/www.itvagricola.es\/\"},{\"@type\":\"ListItem\",\"position\":2,\"name\":\"10 cosas que hay que hacer antes de ir a la ITEAF\"}]},{\"@type\":\"WebSite\",\"@id\":\"http:\/\/www.itvagricola.es\/#website\",\"url\":\"http:\/\/www.itvagricola.es\/\",\"name\":\"ITV agricola\",\"description\":\"ITEAF 1610: Castilla la Mancha, Arag\u00f3n, Madrid y Valencia.\",\"publisher\":{\"@id\":\"http:\/\/www.itvagricola.es\/#\/schema\/person\/dbad37a13afd623eb1a191ed7ca7de2f\"},\"potentialAction\":[{\"@type\":\"SearchAction\",\"target\":{\"@type\":\"EntryPoint\",\"urlTemplate\":\"http:\/\/www.itvagricola.es\/?s={search_term_string}\"},\"query-input\":{\"@type\":\"PropertyValueSpecification\",\"valueRequired\":true,\"valueName\":\"search_term_string\"}}],\"inLanguage\":\"es\"},{\"@type\":[\"Person\",\"Organization\"],\"@id\":\"http:\/\/www.itvagricola.es\/#\/schema\/person\/dbad37a13afd623eb1a191ed7ca7de2f\",\"name\":\"luisAntonio torres\",\"image\":{\"@type\":\"ImageObject\",\"inLanguage\":\"es\",\"@id\":\"http:\/\/www.itvagricola.es\/#\/schema\/person\/image\/\",\"url\":\"https:\/\/www.itvagricola.es\/wp-content\/uploads\/2023\/12\/cropped-logoITVagricola_01.jpg\",\"contentUrl\":\"https:\/\/www.itvagricola.es\/wp-content\/uploads\/2023\/12\/cropped-logoITVagricola_01.jpg\",\"width\":788,\"height\":315,\"caption\":\"luisAntonio torres\"},\"logo\":{\"@id\":\"http:\/\/www.itvagricola.es\/#\/schema\/person\/image\/\"},\"sameAs\":[\"https:\/\/www.itvagricola.es\/\",\"https:\/\/www.facebook.com\/profile.php?id=100067064354560&locale=es_ES\"]}]}<\/script>\n<!-- \/ Yoast SEO plugin. -->","yoast_head_json":{"title":"10 cosas que hay que hacer antes de ir a la ITEAF - ITV agricola","robots":{"index":"index","follow":"follow","max-snippet":"max-snippet:-1","max-image-preview":"max-image-preview:large","max-video-preview":"max-video-preview:-1"},"canonical":"http:\/\/www.itvagricola.es\/index.php\/10-cosas-que-hay-que-hacer-antes-de-ir-a-la-iteaf\/","og_locale":"es_ES","og_type":"article","og_title":"10 cosas que hay que hacer antes de ir a la ITEAF - ITV agricola","og_description":"10 recomendaciones para pasar la ITEAF a la primera Las 10 cosas que conviene hacer para tener resultado positivo en la primera inspecci\u00f3n ITEAF de tu equipo de aplicaci\u00f3n de fitosanitarios, sulfatadora, maquina de escardar, pulverizador o sprayer machine. Si tu pulverizador es antiguo y no dispone de elementos, como el deposito de limpieza, lavado [&hellip;]","og_url":"http:\/\/www.itvagricola.es\/index.php\/10-cosas-que-hay-que-hacer-antes-de-ir-a-la-iteaf\/","og_site_name":"ITV agricola","article_publisher":"https:\/\/www.facebook.com\/profile.php?id=100067064354560&locale=es_ES","og_image":[{"url":"http:\/\/www.itvagricola.es\/wp-content\/uploads\/2023\/12\/ITV_agricola_21.jpg","type":"","width":"","height":""}],"twitter_card":"summary_large_image","twitter_misc":{"Tiempo de lectura":"2 minutos"},"schema":{"@context":"https:\/\/schema.org","@graph":[{"@type":"WebPage","@id":"http:\/\/www.itvagricola.es\/index.php\/10-cosas-que-hay-que-hacer-antes-de-ir-a-la-iteaf\/","url":"http:\/\/www.itvagricola.es\/index.php\/10-cosas-que-hay-que-hacer-antes-de-ir-a-la-iteaf\/","name":"10 cosas que hay que hacer antes de ir a la ITEAF - ITV agricola","isPartOf":{"@id":"http:\/\/www.itvagricola.es\/#website"},"primaryImageOfPage":{"@id":"http:\/\/www.itvagricola.es\/index.php\/10-cosas-que-hay-que-hacer-antes-de-ir-a-la-iteaf\/#primaryimage"},"image":{"@id":"http:\/\/www.itvagricola.es\/index.php\/10-cosas-que-hay-que-hacer-antes-de-ir-a-la-iteaf\/#primaryimage"},"thumbnailUrl":"http:\/\/www.itvagricola.es\/wp-content\/uploads\/2023\/12\/ITV_agricola_21.jpg","datePublished":"2023-12-10T20:25:15+00:00","breadcrumb":{"@id":"http:\/\/www.itvagricola.es\/index.php\/10-cosas-que-hay-que-hacer-antes-de-ir-a-la-iteaf\/#breadcrumb"},"inLanguage":"es","potentialAction":[{"@type":"ReadAction","target":["http:\/\/www.itvagricola.es\/index.php\/10-cosas-que-hay-que-hacer-antes-de-ir-a-la-iteaf\/"]}]},{"@type":"ImageObject","inLanguage":"es","@id":"http:\/\/www.itvagricola.es\/index.php\/10-cosas-que-hay-que-hacer-antes-de-ir-a-la-iteaf\/#primaryimage","url":"https:\/\/www.itvagricola.es\/wp-content\/uploads\/2023\/12\/ITV_agricola_21.jpg","contentUrl":"https:\/\/www.itvagricola.es\/wp-content\/uploads\/2023\/12\/ITV_agricola_21.jpg","width":1024,"height":720},{"@type":"BreadcrumbList","@id":"http:\/\/www.itvagricola.es\/index.php\/10-cosas-que-hay-que-hacer-antes-de-ir-a-la-iteaf\/#breadcrumb","itemListElement":[{"@type":"ListItem","position":1,"name":"Portada","item":"http:\/\/www.itvagricola.es\/"},{"@type":"ListItem","position":2,"name":"10 cosas que hay que hacer antes de ir a la ITEAF"}]},{"@type":"WebSite","@id":"http:\/\/www.itvagricola.es\/#website","url":"http:\/\/www.itvagricola.es\/","name":"ITV agricola","description":"ITEAF 1610: Castilla la Mancha, Arag\u00f3n, Madrid y Valencia.","publisher":{"@id":"http:\/\/www.itvagricola.es\/#\/schema\/person\/dbad37a13afd623eb1a191ed7ca7de2f"},"potentialAction":[{"@type":"SearchAction","target":{"@type":"EntryPoint","urlTemplate":"http:\/\/www.itvagricola.es\/?s={search_term_string}"},"query-input":{"@type":"PropertyValueSpecification","valueRequired":true,"valueName":"search_term_string"}}],"inLanguage":"es"},{"@type":["Person","Organization"],"@id":"http:\/\/www.itvagricola.es\/#\/schema\/person\/dbad37a13afd623eb1a191ed7ca7de2f","name":"luisAntonio torres","image":{"@type":"ImageObject","inLanguage":"es","@id":"http:\/\/www.itvagricola.es\/#\/schema\/person\/image\/","url":"https:\/\/www.itvagricola.es\/wp-content\/uploads\/2023\/12\/cropped-logoITVagricola_01.jpg","contentUrl":"https:\/\/www.itvagricola.es\/wp-content\/uploads\/2023\/12\/cropped-logoITVagricola_01.jpg","width":788,"height":315,"caption":"luisAntonio torres"},"logo":{"@id":"http:\/\/www.itvagricola.es\/#\/schema\/person\/image\/"},"sameAs":["https:\/\/www.itvagricola.es\/","https:\/\/www.facebook.com\/profile.php?id=100067064354560&locale=es_ES"]}]}},"_links":{"self":[{"href":"https:\/\/www.itvagricola.es\/index.php\/wp-json\/wp\/v2\/pages\/82","targetHints":{"allow":["GET"]}}],"collection":[{"href":"https:\/\/www.itvagricola.es\/index.php\/wp-json\/wp\/v2\/pages"}],"about":[{"href":"https:\/\/www.itvagricola.es\/index.php\/wp-json\/wp\/v2\/types\/page"}],"author":[{"embeddable":true,"href":"https:\/\/www.itvagricola.es\/index.php\/wp-json\/wp\/v2\/users\/1"}],"replies":[{"embeddable":true,"href":"https:\/\/www.itvagricola.es\/index.php\/wp-json\/wp\/v2\/comments?post=82"}],"version-history":[{"count":0,"href":"https:\/\/www.itvagricola.es\/index.php\/wp-json\/wp\/v2\/pages\/82\/revisions"}],"wp:attachment":[{"href":"https:\/\/www.itvagricola.es\/index.php\/wp-json\/wp\/v2\/media?parent=82"}],"curies":[{"name":"wp","href":"https:\/\/api.w.org\/{rel}","templated":true}]}}